{"id":12563,"date":"2025-09-24T16:36:59","date_gmt":"2025-09-24T16:36:59","guid":{"rendered":"https:\/\/casa.fmleao.pt\/projects\/project-friends-of-pandora\/"},"modified":"2025-09-26T13:03:38","modified_gmt":"2025-09-26T13:03:38","slug":"project-friends-of-pandora","status":"publish","type":"page","link":"https:\/\/casa.fmleao.pt\/en\/projects\/project-friends-of-pandora\/","title":{"rendered":"Project #Friends Of Pandora"},"content":{"rendered":"<div class=\"wpb-content-wrapper\"><p>[vc_row css=&#8221;.vc_custom_1717421762339{padding-top: -20px !important;padding-bottom: -20px !important;background-color: #25a2a8 !important;}&#8221;][vc_column width=&#8221;1\/4&#8243; css=&#8221;.vc_custom_1732533482637{margin-top: -20px !important;margin-bottom: -20px !important;border-bottom-width: -20px !important;padding-top: -20px !important;padding-bottom: -20px !important;}&#8221; offset=&#8221;vc_hidden-sm vc_hidden-xs&#8221;][vc_single_image image=&#8221;10462&#8243; img_size=&#8221;80&#215;80&#8243; alignment=&#8221;center&#8221; onclick=&#8221;custom_link&#8221; css=&#8221;.vc_custom_1720690582570{margin-left: 140px !important;border-top-width: -20px !important;border-bottom-width: -20px !important;padding-top: -40px !important;padding-bottom: -40px !important;}&#8221; link=&#8221;https:\/\/casa.fmleao.pt\/en\/&#8221;][\/vc_column][vc_column width=&#8221;3\/4&#8243; offset=&#8221;vc_hidden-sm vc_hidden-xs&#8221;][\/vc_column][\/vc_row][vc_row css=&#8221;.vc_custom_1728991172470{padding-top: -20px !important;padding-bottom: -20px !important;background-color: #25a2a8 !important;}&#8221;][vc_column width=&#8221;1\/4&#8243; css=&#8221;.vc_custom_1732021408854{margin-top: -20px !important;border-bottom-width: -20px !important;padding-top: -20px !important;padding-bottom: -20px !important;}&#8221; offset=&#8221;vc_hidden-lg vc_hidden-md&#8221;][vc_single_image image=&#8221;10739&#8243; img_size=&#8221;&#8221; onclick=&#8221;custom_link&#8221; css=&#8221;.vc_custom_1732021457789{margin-bottom: -25px !important;margin-left: 40px !important;border-top-width: -20px !important;padding-top: -40px !important;padding-bottom: -40px !important;}&#8221; link=&#8221;https:\/\/casa.fmleao.pt\/en\/&#8221;][\/vc_column][vc_column width=&#8221;3\/4&#8243; offset=&#8221;vc_hidden-lg vc_hidden-md&#8221;][\/vc_column][\/vc_row][vc_row css=&#8221;.vc_custom_1722333229971{padding-right: 50px !important;padding-left: 50px !important;}&#8221;][vc_column width=&#8221;1\/4&#8243;][vc_single_image image=&#8221;12485&#8243; img_size=&#8221;medium&#8221; alignment=&#8221;right&#8221; onclick=&#8221;custom_link&#8221; css=&#8221;.vc_custom_1758731372873{margin-bottom: 5px !important;padding-right: 20px !important;}&#8221; link=&#8221;https:\/\/labavalencia.net\/en\/acdc\/&#8221;][\/vc_column][vc_column width=&#8221;3\/4&#8243;][vc_column_text css=&#8221;.vc_custom_1758891816610{margin-bottom: 0px !important;}&#8221;]#FriendsOfPandora is an Erasmus+ Cooperation partnership in adult educationin adult learning domain: to improve the availability of high-quality, flexible and recognised learning for adults.<br \/>\nThe main objective is to increase the capacity of carers to support people with intellectual disabilities in using digital social networks.<\/p>\n<ul>\n<li>Promote non-formal learning resources and practices for carers of people with intellectual disabilities.<\/li>\n<li>Promote and give visibility to the participation of people with intellectual disabilities in social networks<\/li>\n<li>Promote inclusion and diversity.<\/li>\n<li>Contribute to social change.<\/li>\n<\/ul>\n<p>This 2-year project is a partnership of Casa da Imagem of the Manuel Le\u00e3o Foundation (coordinator), Porto University Faculty of Psychology and Science Education, J\u00f6nk\u00f6ping University School of Education and Communication, EMST Museum of Contemporary Art Athens and APPACDM-Porto.<\/p>\n<p><em>The #FOP project has been cofunded by the Erasmus+ Programme of the European Union. The content of this publication reflects the views only of the author, and the Commission cannot be held responsible for any use which may be made of the information contained therein.<\/em>[\/vc_column_text][vc_empty_space][vc_single_image image=&#8221;12107&#8243; img_size=&#8221;full&#8221; alignment=&#8221;center&#8221; css=&#8221;.vc_custom_1758731725064{margin-bottom: 0px !important;padding-top: 10px !important;padding-right: 900px !important;}&#8221;][\/vc_column][\/vc_row][vc_row css=&#8221;.vc_custom_1722333223718{margin-top: 20px !important;margin-bottom: 20px !important;padding-right: 50px !important;padding-left: 50px !important;}&#8221;][vc_column width=&#8221;1\/4&#8243;][\/vc_column][vc_column width=&#8221;1\/4&#8243; css=&#8221;.vc_custom_1728912564266{padding-right: 20px !important;}&#8221;][\/vc_column][vc_column width=&#8221;1\/4&#8243; css=&#8221;.vc_custom_1728912569670{padding-right: 20px !important;}&#8221;][\/vc_column][vc_column width=&#8221;1\/4&#8243;][\/vc_column][\/vc_row][vc_row css=&#8221;.vc_custom_1721902020164{margin-bottom: 20px !important;padding-right: 50px !important;padding-left: 50px !important;}&#8221;][vc_column width=&#8221;1\/4&#8243; offset=&#8221;vc_hidden-lg vc_hidden-md&#8221;][\/vc_column][vc_column width=&#8221;1\/4&#8243; offset=&#8221;vc_hidden-lg vc_hidden-md&#8221;][vc_column_text css=&#8221;&#8221;]<\/p>\n<h3>KNOW<\/h3>\n<p>#FOP is a project coordinated by Casa da Imagem.[\/vc_column_text][\/vc_column][vc_column width=&#8221;1\/4&#8243; offset=&#8221;vc_hidden-lg vc_hidden-md&#8221;][vc_column_text css=&#8221;&#8221;]<\/p>\n<h3>EXPERIMENT<\/h3>\n<p>The project&#8217;s artistic activities will begin shortly.[\/vc_column_text][\/vc_column][vc_column width=&#8221;1\/4&#8243; offset=&#8221;vc_hidden-lg vc_hidden-md&#8221;][vc_column_text css=&#8221;&#8221;]<\/p>\n<h3>CONTACT<\/h3>\n<p>Available soon![\/vc_column_text][\/vc_column][\/vc_row][vc_row css=&#8221;.vc_custom_1721902020164{margin-bottom: 20px !important;padding-right: 50px !important;padding-left: 50px !important;}&#8221;][vc_column width=&#8221;1\/4&#8243;][vc_column_text css=&#8221;.vc_custom_1731000931707{padding-right: 20px !important;padding-left: 20px !important;}&#8221;]<\/p>\n<h3 style=\"text-align: right;\">WHAT HAPPENED<\/h3>\n<p>[\/vc_column_text][\/vc_column][vc_column width=&#8221;3\/4&#8243;][vc_masonry_grid post_type=&#8221;post&#8221; max_items=&#8221;10&#8243; css=&#8221;&#8221; grid_id=&#8221;vc_gid:1758891780747-ea45f0c9-f13f-5&#8243; taxonomies=&#8221;109&#8243;][\/vc_column][\/vc_row][vc_row css=&#8221;.vc_custom_1721902020164{margin-bottom: 20px !important;padding-right: 50px !important;padding-left: 50px !important;}&#8221;][vc_column width=&#8221;1\/4&#8243;][vc_column_text css=&#8221;.vc_custom_1729856458233{padding-right: 20px !important;padding-left: 20px !important;}&#8221;]<\/p>\n<p style=\"text-align: right;\"><a href=\"https:\/\/casa.fmleao.pt\/en\/projects\/\">return to PROJECTS<\/a><\/p>\n<p>[\/vc_column_text][\/vc_column][vc_column width=&#8221;3\/4&#8243;][vc_single_image image=&#8221;9638&#8243; img_size=&#8221;full&#8221; alignment=&#8221;right&#8221; css=&#8221;&#8221;][\/vc_column][\/vc_row]<\/p>\n<\/div>","protected":false},"excerpt":{"rendered":"<p>[vc_row css=&#8221;.vc_custom_1717421762339{padding-top: -20px !important;padding-bottom: -20px !important;background-color: #25a2a8 !important;}&#8221;][vc_column width=&#8221;1\/4&#8243; css=&#8221;.vc_custom_1732533482637{margin-top: -20px !important;margin-bottom: -20px !important;border-bottom-width: -20px !important;padding-top: -20px !important;padding-bottom: -20px !important;}&#8221; offset=&#8221;vc_hidden-sm vc_hidden-xs&#8221;][vc_single_image image=&#8221;10462&#8243; img_size=&#8221;80&#215;80&#8243; alignment=&#8221;center&#8221; onclick=&#8221;custom_link&#8221; css=&#8221;.vc_custom_1720690582570{margin-left: 140px !important;border-top-width: -20px !important;border-bottom-width: -20px !important;padding-top: -40px !important;padding-bottom: -40px !important;}&#8221; link=&#8221;https:\/\/casa.fmleao.pt\/en\/&#8221;][\/vc_column][vc_column width=&#8221;3\/4&#8243; offset=&#8221;vc_hidden-sm vc_hidden-xs&#8221;][\/vc_column][\/vc_row][vc_row css=&#8221;.vc_custom_1728991172470{padding-top: -20px !important;padding-bottom: -20px !important;background-color: #25a2a8 !important;}&#8221;][vc_column width=&#8221;1\/4&#8243; css=&#8221;.vc_custom_1732021408854{margin-top: -20px !important;border-bottom-width: -20px !important;padding-top: -20px [&hellip;]<\/p>\n","protected":false},"author":1,"featured_media":0,"parent":11095,"menu_order":0,"comment_status":"closed","ping_status":"closed","template":"page-templates\/pagebuilder.php","meta":{"cybocfi_hide_featured_image":"","footnotes":""},"class_list":["post-12563","page","type-page","status-publish","hentry"],"yoast_head":"<!-- This site is optimized with the Yoast SEO plugin v27.4 - https:\/\/yoast.com\/product\/yoast-seo-wordpress\/ -->\n<title>Project #Friends Of Pandora - Casa da Imagem<\/title>\n<meta name=\"robots\" content=\"noindex, follow, max-snippet:-1, max-image-preview:large, max-video-preview:-1\" \/>\n<meta property=\"og:locale\" content=\"en_US\" \/>\n<meta property=\"og:type\" content=\"article\" \/>\n<meta property=\"og:title\" content=\"Project #Friends Of Pandora - Casa da Imagem\" \/>\n<meta property=\"og:description\" content=\"[vc_row css=&#8221;.vc_custom_1717421762339{padding-top: -20px !important;padding-bottom: -20px !important;background-color: #25a2a8 !important;}&#8221;][vc_column width=&#8221;1\/4&#8243; css=&#8221;.vc_custom_1732533482637{margin-top: -20px !important;margin-bottom: -20px !important;border-bottom-width: -20px !important;padding-top: -20px !important;padding-bottom: -20px !important;}&#8221; offset=&#8221;vc_hidden-sm vc_hidden-xs&#8221;][vc_single_image image=&#8221;10462&#8243; img_size=&#8221;80&#215;80&#8243; alignment=&#8221;center&#8221; onclick=&#8221;custom_link&#8221; css=&#8221;.vc_custom_1720690582570{margin-left: 140px !important;border-top-width: -20px !important;border-bottom-width: -20px !important;padding-top: -40px !important;padding-bottom: -40px !important;}&#8221; link=&#8221;https:\/\/casa.fmleao.pt\/en\/&#8221;][\/vc_column][vc_column width=&#8221;3\/4&#8243; offset=&#8221;vc_hidden-sm vc_hidden-xs&#8221;][\/vc_column][\/vc_row][vc_row css=&#8221;.vc_custom_1728991172470{padding-top: -20px !important;padding-bottom: -20px !important;background-color: #25a2a8 !important;}&#8221;][vc_column width=&#8221;1\/4&#8243; css=&#8221;.vc_custom_1732021408854{margin-top: -20px !important;border-bottom-width: -20px !important;padding-top: -20px [&hellip;]\" \/>\n<meta property=\"og:url\" content=\"https:\/\/casa.fmleao.pt\/en\/projects\/project-friends-of-pandora\/\" \/>\n<meta property=\"og:site_name\" content=\"Casa da Imagem\" \/>\n<meta property=\"article:modified_time\" content=\"2025-09-26T13:03:38+00:00\" \/>\n<meta name=\"twitter:card\" content=\"summary_large_image\" \/>\n<meta name=\"twitter:label1\" content=\"Est. reading time\" \/>\n\t<meta name=\"twitter:data1\" content=\"2 minutes\" \/>\n<script type=\"application\/ld+json\" class=\"yoast-schema-graph\">{\"@context\":\"https:\\\/\\\/schema.org\",\"@graph\":[{\"@type\":\"WebPage\",\"@id\":\"https:\\\/\\\/casa.fmleao.pt\\\/en\\\/projects\\\/project-friends-of-pandora\\\/\",\"url\":\"https:\\\/\\\/casa.fmleao.pt\\\/en\\\/projects\\\/project-friends-of-pandora\\\/\",\"name\":\"Project #Friends Of Pandora - Casa da Imagem\",\"isPartOf\":{\"@id\":\"https:\\\/\\\/casa.fmleao.pt\\\/en\\\/#website\"},\"datePublished\":\"2025-09-24T16:36:59+00:00\",\"dateModified\":\"2025-09-26T13:03:38+00:00\",\"breadcrumb\":{\"@id\":\"https:\\\/\\\/casa.fmleao.pt\\\/en\\\/projects\\\/project-friends-of-pandora\\\/#breadcrumb\"},\"inLanguage\":\"en-US\",\"potentialAction\":[{\"@type\":\"ReadAction\",\"target\":[\"https:\\\/\\\/casa.fmleao.pt\\\/en\\\/projects\\\/project-friends-of-pandora\\\/\"]}]},{\"@type\":\"BreadcrumbList\",\"@id\":\"https:\\\/\\\/casa.fmleao.pt\\\/en\\\/projects\\\/project-friends-of-pandora\\\/#breadcrumb\",\"itemListElement\":[{\"@type\":\"ListItem\",\"position\":1,\"name\":\"In\u00edcio\",\"item\":\"https:\\\/\\\/casa.fmleao.pt\\\/en\\\/\"},{\"@type\":\"ListItem\",\"position\":2,\"name\":\"Projects\",\"item\":\"https:\\\/\\\/casa.fmleao.pt\\\/en\\\/projects\\\/\"},{\"@type\":\"ListItem\",\"position\":3,\"name\":\"Project #Friends Of Pandora\"}]},{\"@type\":\"WebSite\",\"@id\":\"https:\\\/\\\/casa.fmleao.pt\\\/en\\\/#website\",\"url\":\"https:\\\/\\\/casa.fmleao.pt\\\/en\\\/\",\"name\":\"Casa da Imagem\",\"description\":\"\",\"publisher\":{\"@id\":\"https:\\\/\\\/casa.fmleao.pt\\\/en\\\/#organization\"},\"potentialAction\":[{\"@type\":\"SearchAction\",\"target\":{\"@type\":\"EntryPoint\",\"urlTemplate\":\"https:\\\/\\\/casa.fmleao.pt\\\/en\\\/?s={search_term_string}\"},\"query-input\":{\"@type\":\"PropertyValueSpecification\",\"valueRequired\":true,\"valueName\":\"search_term_string\"}}],\"inLanguage\":\"en-US\"},{\"@type\":\"Organization\",\"@id\":\"https:\\\/\\\/casa.fmleao.pt\\\/en\\\/#organization\",\"name\":\"Casa da Imagem\",\"url\":\"https:\\\/\\\/casa.fmleao.pt\\\/en\\\/\",\"logo\":{\"@type\":\"ImageObject\",\"inLanguage\":\"en-US\",\"@id\":\"https:\\\/\\\/casa.fmleao.pt\\\/en\\\/#\\\/schema\\\/logo\\\/image\\\/\",\"url\":\"https:\\\/\\\/casa.fmleao.pt\\\/wp-content\\\/uploads\\\/2024\\\/05\\\/Unknown-e1715614640487.png\",\"contentUrl\":\"https:\\\/\\\/casa.fmleao.pt\\\/wp-content\\\/uploads\\\/2024\\\/05\\\/Unknown-e1715614640487.png\",\"width\":199,\"height\":81,\"caption\":\"Casa da Imagem\"},\"image\":{\"@id\":\"https:\\\/\\\/casa.fmleao.pt\\\/en\\\/#\\\/schema\\\/logo\\\/image\\\/\"},\"sameAs\":[\"https:\\\/\\\/www.instagram.com\\\/casadaimagem\\\/\"]}]}<\/script>\n<!-- \/ Yoast SEO plugin. -->","yoast_head_json":{"title":"Project #Friends Of Pandora - Casa da Imagem","robots":{"index":"noindex","follow":"follow","max-snippet":"max-snippet:-1","max-image-preview":"max-image-preview:large","max-video-preview":"max-video-preview:-1"},"og_locale":"en_US","og_type":"article","og_title":"Project #Friends Of Pandora - Casa da Imagem","og_description":"[vc_row css=&#8221;.vc_custom_1717421762339{padding-top: -20px !important;padding-bottom: -20px !important;background-color: #25a2a8 !important;}&#8221;][vc_column width=&#8221;1\/4&#8243; css=&#8221;.vc_custom_1732533482637{margin-top: -20px !important;margin-bottom: -20px !important;border-bottom-width: -20px !important;padding-top: -20px !important;padding-bottom: -20px !important;}&#8221; offset=&#8221;vc_hidden-sm vc_hidden-xs&#8221;][vc_single_image image=&#8221;10462&#8243; img_size=&#8221;80&#215;80&#8243; alignment=&#8221;center&#8221; onclick=&#8221;custom_link&#8221; css=&#8221;.vc_custom_1720690582570{margin-left: 140px !important;border-top-width: -20px !important;border-bottom-width: -20px !important;padding-top: -40px !important;padding-bottom: -40px !important;}&#8221; link=&#8221;https:\/\/casa.fmleao.pt\/en\/&#8221;][\/vc_column][vc_column width=&#8221;3\/4&#8243; offset=&#8221;vc_hidden-sm vc_hidden-xs&#8221;][\/vc_column][\/vc_row][vc_row css=&#8221;.vc_custom_1728991172470{padding-top: -20px !important;padding-bottom: -20px !important;background-color: #25a2a8 !important;}&#8221;][vc_column width=&#8221;1\/4&#8243; css=&#8221;.vc_custom_1732021408854{margin-top: -20px !important;border-bottom-width: -20px !important;padding-top: -20px [&hellip;]","og_url":"https:\/\/casa.fmleao.pt\/en\/projects\/project-friends-of-pandora\/","og_site_name":"Casa da Imagem","article_modified_time":"2025-09-26T13:03:38+00:00","twitter_card":"summary_large_image","twitter_misc":{"Est. reading time":"2 minutes"},"schema":{"@context":"https:\/\/schema.org","@graph":[{"@type":"WebPage","@id":"https:\/\/casa.fmleao.pt\/en\/projects\/project-friends-of-pandora\/","url":"https:\/\/casa.fmleao.pt\/en\/projects\/project-friends-of-pandora\/","name":"Project #Friends Of Pandora - Casa da Imagem","isPartOf":{"@id":"https:\/\/casa.fmleao.pt\/en\/#website"},"datePublished":"2025-09-24T16:36:59+00:00","dateModified":"2025-09-26T13:03:38+00:00","breadcrumb":{"@id":"https:\/\/casa.fmleao.pt\/en\/projects\/project-friends-of-pandora\/#breadcrumb"},"inLanguage":"en-US","potentialAction":[{"@type":"ReadAction","target":["https:\/\/casa.fmleao.pt\/en\/projects\/project-friends-of-pandora\/"]}]},{"@type":"BreadcrumbList","@id":"https:\/\/casa.fmleao.pt\/en\/projects\/project-friends-of-pandora\/#breadcrumb","itemListElement":[{"@type":"ListItem","position":1,"name":"In\u00edcio","item":"https:\/\/casa.fmleao.pt\/en\/"},{"@type":"ListItem","position":2,"name":"Projects","item":"https:\/\/casa.fmleao.pt\/en\/projects\/"},{"@type":"ListItem","position":3,"name":"Project #Friends Of Pandora"}]},{"@type":"WebSite","@id":"https:\/\/casa.fmleao.pt\/en\/#website","url":"https:\/\/casa.fmleao.pt\/en\/","name":"Casa da Imagem","description":"","publisher":{"@id":"https:\/\/casa.fmleao.pt\/en\/#organization"},"potentialAction":[{"@type":"SearchAction","target":{"@type":"EntryPoint","urlTemplate":"https:\/\/casa.fmleao.pt\/en\/?s={search_term_string}"},"query-input":{"@type":"PropertyValueSpecification","valueRequired":true,"valueName":"search_term_string"}}],"inLanguage":"en-US"},{"@type":"Organization","@id":"https:\/\/casa.fmleao.pt\/en\/#organization","name":"Casa da Imagem","url":"https:\/\/casa.fmleao.pt\/en\/","logo":{"@type":"ImageObject","inLanguage":"en-US","@id":"https:\/\/casa.fmleao.pt\/en\/#\/schema\/logo\/image\/","url":"https:\/\/casa.fmleao.pt\/wp-content\/uploads\/2024\/05\/Unknown-e1715614640487.png","contentUrl":"https:\/\/casa.fmleao.pt\/wp-content\/uploads\/2024\/05\/Unknown-e1715614640487.png","width":199,"height":81,"caption":"Casa da Imagem"},"image":{"@id":"https:\/\/casa.fmleao.pt\/en\/#\/schema\/logo\/image\/"},"sameAs":["https:\/\/www.instagram.com\/casadaimagem\/"]}]}},"_links":{"self":[{"href":"https:\/\/casa.fmleao.pt\/en\/wp-json\/wp\/v2\/pages\/12563","targetHints":{"allow":["GET"]}}],"collection":[{"href":"https:\/\/casa.fmleao.pt\/en\/wp-json\/wp\/v2\/pages"}],"about":[{"href":"https:\/\/casa.fmleao.pt\/en\/wp-json\/wp\/v2\/types\/page"}],"author":[{"embeddable":true,"href":"https:\/\/casa.fmleao.pt\/en\/wp-json\/wp\/v2\/users\/1"}],"replies":[{"embeddable":true,"href":"https:\/\/casa.fmleao.pt\/en\/wp-json\/wp\/v2\/comments?post=12563"}],"version-history":[{"count":4,"href":"https:\/\/casa.fmleao.pt\/en\/wp-json\/wp\/v2\/pages\/12563\/revisions"}],"predecessor-version":[{"id":12598,"href":"https:\/\/casa.fmleao.pt\/en\/wp-json\/wp\/v2\/pages\/12563\/revisions\/12598"}],"up":[{"embeddable":true,"href":"https:\/\/casa.fmleao.pt\/en\/wp-json\/wp\/v2\/pages\/11095"}],"wp:attachment":[{"href":"https:\/\/casa.fmleao.pt\/en\/wp-json\/wp\/v2\/media?parent=12563"}],"curies":[{"name":"wp","href":"https:\/\/api.w.org\/{rel}","templated":true}]}}