{"id":10922,"date":"2024-05-15T13:49:58","date_gmt":"2024-05-15T13:49:58","guid":{"rendered":"https:\/\/casa.fmleao.pt\/about-us\/"},"modified":"2025-09-05T16:31:04","modified_gmt":"2025-09-05T16:31:04","slug":"about-us","status":"publish","type":"page","link":"https:\/\/casa.fmleao.pt\/en\/about-us\/","title":{"rendered":"About us"},"content":{"rendered":"<div class=\"wpb-content-wrapper\"><p>[vc_row css=&#8221;.vc_custom_1728991172470{padding-top: -20px !important;padding-bottom: -20px !important;background-color: #25a2a8 !important;}&#8221;][vc_column width=&#8221;1\/4&#8243; css=&#8221;.vc_custom_1732021334971{margin-top: -20px !important;margin-bottom: -20px !important;border-bottom-width: -20px !important;padding-top: -20px !important;padding-bottom: -20px !important;}&#8221; offset=&#8221;vc_hidden-sm vc_hidden-xs&#8221;][vc_single_image image=&#8221;8218&#8243; img_size=&#8221;&#8221; alignment=&#8221;center&#8221; onclick=&#8221;custom_link&#8221; css=&#8221;.vc_custom_1731404101161{margin-left: 140px !important;border-top-width: -20px !important;border-bottom-width: -20px !important;padding-top: -40px !important;padding-bottom: -40px !important;}&#8221; link=&#8221;https:\/\/casa.fmleao.pt\/en\/&#8221;][\/vc_column][vc_column width=&#8221;3\/4&#8243; offset=&#8221;vc_hidden-sm vc_hidden-xs&#8221;][\/vc_column][\/vc_row][vc_row css=&#8221;.vc_custom_1728991172470{padding-top: -20px !important;padding-bottom: -20px !important;background-color: #25a2a8 !important;}&#8221;][vc_column width=&#8221;1\/4&#8243; css=&#8221;.vc_custom_1732021408854{margin-top: -20px !important;border-bottom-width: -20px !important;padding-top: -20px !important;padding-bottom: -20px !important;}&#8221; offset=&#8221;vc_hidden-lg vc_hidden-md&#8221;][vc_single_image image=&#8221;8218&#8243; img_size=&#8221;&#8221; onclick=&#8221;custom_link&#8221; css=&#8221;.vc_custom_1732021457789{margin-bottom: -25px !important;margin-left: 40px !important;border-top-width: -20px !important;padding-top: -40px !important;padding-bottom: -40px !important;}&#8221; link=&#8221;https:\/\/casa.fmleao.pt\/en\/&#8221;][\/vc_column][vc_column width=&#8221;3\/4&#8243; offset=&#8221;vc_hidden-lg vc_hidden-md&#8221;][\/vc_column][\/vc_row][vc_row css=&#8221;.vc_custom_1717415235745{padding-top: 15px !important;padding-right: 50px !important;padding-left: 50px !important;}&#8221; el_id=&#8221;casa&#8221;][vc_column width=&#8221;1\/4&#8243;][vc_column_text css=&#8221;.vc_custom_1720608083994{padding-right: 20px !important;padding-left: 20px !important;}&#8221;]<\/p>\n<h3 style=\"text-align: right;\"><strong>CASA DA IMAGEM<\/strong><\/h3>\n<p>[\/vc_column_text][\/vc_column][vc_column width=&#8221;3\/4&#8243;][vc_column_text css=&#8221;&#8221;]<\/p>\n<div class=\"wpb_text_column wpb_content_element\">\n<div class=\"wpb_wrapper\">\n<p><span lang=\"en-US\" data-olk-copy-source=\"MessageBody\">Casa da Imagem, which has been operating since September 2012, is a cultural center for artistic practice, creation, research and mediation on image. <\/span>It belongs to the <span style=\"color: #cc143f;\"><a style=\"color: #cc143f;\" href=\"https:\/\/www.fmleao.pt\/\">Manuel Le\u00e3o Foundation<\/a><\/span>, a private non-profit organisation created in 1996. Located in Vila Nova de Gaia, Casa da Imagem is housed in the industrial house where the &#8216;Rocha Artes Gr\u00e1ficas&#8217; company once operated.<\/p>\n<\/div>\n<\/div>\n<p>[\/vc_column_text][\/vc_column][\/vc_row][vc_row css=&#8221;.vc_custom_1720609422853{padding-right: 50px !important;padding-left: 50px !important;}&#8221;][vc_column width=&#8221;1\/4&#8243;][vc_column_text css=&#8221;.vc_custom_1720609382306{padding-right: 20px !important;padding-left: 20px !important;}&#8221;]<\/p>\n<h3 style=\"text-align: right;\"><strong>MISSION <\/strong><\/h3>\n<p>[\/vc_column_text][\/vc_column][vc_column width=&#8221;3\/4&#8243;][vc_column_text css=&#8221;&#8221;]<\/p>\n<div class=\"wpb_text_column wpb_content_element\">\n<div class=\"wpb_wrapper\">\n<p><span lang=\"en-US\" data-olk-copy-source=\"MessageBody\">In Vila Nova de Gaia, it aspires to be a platform of participation, creation and arts education, in the field of image, in close collaboration with people, local, national and international entities, fostering a more just society.<\/span><\/p>\n<\/div>\n<\/div>\n<p>[\/vc_column_text][\/vc_column][\/vc_row][vc_row css=&#8221;.vc_custom_1715781175375{padding-right: 50px !important;padding-left: 50px !important;}&#8221;][vc_column width=&#8221;1\/4&#8243;][\/vc_column][vc_column width=&#8221;1\/4&#8243; css=&#8221;.vc_custom_1728666205922{padding-right: 20px !important;}&#8221;][vc_single_image image=&#8221;9461&#8243; img_size=&#8221;full&#8221; css=&#8221;&#8221;][\/vc_column][vc_column width=&#8221;1\/4&#8243; css=&#8221;.vc_custom_1728666211821{padding-right: 20px !important;}&#8221;][vc_single_image image=&#8221;1483&#8243; img_size=&#8221;full&#8221; css=&#8221;&#8221;][\/vc_column][vc_column width=&#8221;1\/4&#8243; css=&#8221;.vc_custom_1728666217727{padding-right: 20px !important;}&#8221;][vc_single_image image=&#8221;9463&#8243; img_size=&#8221;full&#8221; css=&#8221;&#8221;][\/vc_column][\/vc_row][vc_row css=&#8221;.vc_custom_1717415846002{padding-top: 10px !important;padding-right: 50px !important;padding-left: 50px !important;}&#8221; el_id=&#8221;TEAM&#8221;][vc_column width=&#8221;1\/4&#8243;][\/vc_column][vc_column width=&#8221;3\/4&#8243;][vc_separator color=&#8221;black&#8221; css=&#8221;&#8221;][\/vc_column][\/vc_row][vc_row css=&#8221;.vc_custom_1717414606895{padding-right: 50px !important;padding-left: 50px !important;}&#8221;][vc_column width=&#8221;1\/4&#8243;][vc_column_text css=&#8221;.vc_custom_1720608118390{padding-right: 20px !important;padding-left: 20px !important;}&#8221;]<\/p>\n<h3 style=\"text-align: right;\"><strong>TEAM<\/strong><\/h3>\n<p>[\/vc_column_text][\/vc_column][vc_column width=&#8221;1\/4&#8243; css=&#8221;.vc_custom_1728666256795{padding-right: 20px !important;}&#8221;][vc_column_text css=&#8221;&#8221;]<span data-olk-copy-source=\"MessageBody\"><strong>Direction<\/strong> \u2013 Funda\u00e7\u00e3o Manuel Le\u00e3o<\/span>[\/vc_column_text][\/vc_column][vc_column width=&#8221;1\/4&#8243; css=&#8221;.vc_custom_1728666261985{padding-right: 20px !important;}&#8221;][\/vc_column][vc_column width=&#8221;1\/4&#8243; css=&#8221;.vc_custom_1728666268321{padding-right: 20px !important;}&#8221;][\/vc_column][\/vc_row][vc_row css=&#8221;.vc_custom_1717414606895{padding-right: 50px !important;padding-left: 50px !important;}&#8221;][vc_column width=&#8221;1\/4&#8243;][\/vc_column][vc_column width=&#8221;1\/4&#8243; css=&#8221;.vc_custom_1728666256795{padding-right: 20px !important;}&#8221;][vc_column_text css=&#8221;&#8221;]<strong>Executive coordination<\/strong>[\/vc_column_text][vc_single_image image=&#8221;1607&#8243; img_size=&#8221;full&#8221; css=&#8221;.vc_custom_1757089830439{margin-top: -20px !important;}&#8221;][\/vc_column][vc_column width=&#8221;1\/4&#8243; css=&#8221;.vc_custom_1728666261985{padding-right: 20px !important;}&#8221;][vc_column_text css=&#8221;&#8221;]<strong>In\u00eas Azevedo <\/strong>Artista e mediadora, trabalha no cruzamento entre os campos da arte, da educa\u00e7\u00e3o e da media\u00e7\u00e3o, com especial enfoque nas quest\u00f5es da participa\u00e7\u00e3o democr\u00e1tica. Licenciada em Artes Pl\u00e1sticas, MA em Pr\u00e1ticas Art\u00edsticas Contempor\u00e2neas e em Ensino de Artes Visuais. Frequenta o Doutoramento em Museologia, onde investiga sobre museus e justi\u00e7a social, com enfoque na articula\u00e7\u00e3o entre as narrativas museol\u00f3gicas, a cria\u00e7\u00e3o e a media\u00e7\u00e3o art\u00edstica. \u00c9 investigadora do CEAA-ESAP. <span style=\"color: #cc143f;\"><a style=\"color: #cc143f;\" href=\"mailto:inesazevedo@casa.fmleao.pt\">inesazevedo@casa.fmleao.pt<\/a> <\/span>[\/vc_column_text][\/vc_column][vc_column width=&#8221;1\/4&#8243; css=&#8221;.vc_custom_1728666268321{padding-right: 20px !important;}&#8221;][vc_column_text css=&#8221;&#8221;]<strong>Joana Mateus <\/strong>Artista e mediadora, trabalha no campo de cruzamento das artes e do multim\u00e9dia. Licenciatura em Artes Pl\u00e1sticas, MA Arte Multim\u00e9dia e em Ensino de Artes Visuais. Investigadora CEAA-ESAP. Foi professora de Artes Visuais e Fotografia desde o ensino b\u00e1sico ao ensino secund\u00e1rio e art\u00edstico. Tem concebido diversos projetos de media\u00e7\u00e3o art\u00edstica com p\u00fablicos diversificados \u2013 escolas e outras institui\u00e7\u00f5es \u2013 e projetos europeus orientados para a literacia visual e digital, direitos humanos e cidadania. <span style=\"color: #cc143f;\"><a style=\"color: #cc143f;\" href=\"mailto:joanamateus@casa.fmleao.pt\">joanamateus@casa.fmleao.pt <\/a><\/span>[\/vc_column_text][\/vc_column][\/vc_row][vc_row css=&#8221;.vc_custom_1717414606895{padding-right: 50px !important;padding-left: 50px !important;}&#8221;][vc_column width=&#8221;1\/4&#8243;][\/vc_column][vc_column width=&#8221;1\/4&#8243; css=&#8221;.vc_custom_1728666256795{padding-right: 20px !important;}&#8221;][vc_column_text css=&#8221;&#8221;]<span lang=\"en-US\" data-olk-copy-source=\"MessageBody\"><strong>Store support team<\/strong> \u2013 Alberto Rocha<\/span><\/p>\n<p><span lang=\"en-US\"><strong>Design and Communication support team<\/strong> \u2013 Isabel Santos<\/span>[\/vc_column_text][vc_column_text css=&#8221;&#8221;]The Casa da Imagem team is currently made up of two coordinators and relies on the occasional collaboration of a group of artists and professionals from the cultural sector to carry out its actions and research.[\/vc_column_text][\/vc_column][vc_column width=&#8221;1\/4&#8243; css=&#8221;.vc_custom_1728666261985{padding-right: 20px !important;}&#8221;][\/vc_column][vc_column width=&#8221;1\/4&#8243; css=&#8221;.vc_custom_1728666268321{padding-right: 20px !important;}&#8221;][\/vc_column][\/vc_row][vc_row css=&#8221;.vc_custom_1717415867029{padding-top: 10px !important;padding-right: 50px !important;padding-left: 50px !important;}&#8221; el_id=&#8221;residences&#8221;][vc_column width=&#8221;1\/4&#8243;][\/vc_column][vc_column width=&#8221;3\/4&#8243;][vc_separator color=&#8221;black&#8221; css=&#8221;&#8221;][\/vc_column][\/vc_row][vc_row css=&#8221;.vc_custom_1717414634385{padding-right: 50px !important;padding-left: 50px !important;}&#8221;][vc_column width=&#8221;1\/4&#8243;][vc_column_text css=&#8221;.vc_custom_1720608125938{padding-right: 20px !important;padding-left: 20px !important;}&#8221;]<\/p>\n<h3 style=\"text-align: right;\"><strong>RESIDENCES<\/strong><\/h3>\n<p>[\/vc_column_text][\/vc_column][vc_column width=&#8221;1\/4&#8243;][vc_single_image image=&#8221;1416&#8243; css=&#8221;&#8221;][vc_column_text css=&#8221;&#8221;]<strong>ATELI\u00ca GUILHOTINA | PETCHING STUDIO <\/strong><br \/>\nAtelier Guilhotina was born in 2013, developing research and artistic production in the field of graphic arts. Having promoted workshops, exhibitions and artistic residencies, in 2016 it decided to travel to Vila Nova de Gaia to make Casa da Imagem its home. Founder Ana Torrie is at Guilhotina, dictating the tempo of the provocations.<\/p>\n<p>Blog: Guilhotina<br \/>\nConception and coordination: Ana Torrie[\/vc_column_text][\/vc_column][vc_column width=&#8221;1\/4&#8243;][vc_single_image image=&#8221;1489&#8243; css=&#8221;&#8221;][vc_column_text css=&#8221;&#8221;]<strong>HUMAN RIGHTS AND CITIZENSHIP <\/strong><br \/>\nDeveloping and working on concepts relating to human rights, citizenship and participation, in order to achieve a culture of rights and citizenship, with a special focus on children and young people. The aim is to make language, mastery and experience of citizenship and rights part of growing up, and therefore a familiar reality with solid roots. This will bear fruit in the social, educational and civic spheres and in a culture of tolerance and community participation in today&#8217;s and tomorrow&#8217;s society. Creation of social support projects and initiatives with an emphasis on rights, digital literacy and visual literacy.<\/p>\n<p>Conception and coordination: Alexandra Severino[\/vc_column_text][\/vc_column][vc_column width=&#8221;1\/4&#8243;][vc_single_image image=&#8221;1773&#8243; css=&#8221;&#8221;][vc_column_text css=&#8221;&#8221;]<strong>RIG &#8211; GRAPHIC INDUSTRY RESIDENCE<br \/>\n<\/strong>The RIG residency promotes the research and dissemination of work carried out in the printing industry, namely Rocha Artes Gr\u00e1ficas, a family business dedicated to graphic printing that operated between 1895 and 2011, in the building where Casa da Imagem is located today; a company involved in the history of its time, its workers and clients, it has recognized historical, cultural and social relevance in the municipality of Vila Nova de Gaia.<\/p>\n<div data-olk-copy-source=\"MessageBody\">\n<p>Collaboration: Ana Rocha<\/p>\n<\/div>\n<p>[\/vc_column_text][\/vc_column][\/vc_row]<\/p>\n<\/div>","protected":false},"excerpt":{"rendered":"<p>[vc_row css=&#8221;.vc_custom_1728991172470{padding-top: -20px !important;padding-bottom: -20px !important;background-color: #25a2a8 !important;}&#8221;][vc_column width=&#8221;1\/4&#8243; css=&#8221;.vc_custom_1732021334971{margin-top: -20px !important;margin-bottom: -20px !important;border-bottom-width: -20px !important;padding-top: -20px !important;padding-bottom: -20px !important;}&#8221; offset=&#8221;vc_hidden-sm vc_hidden-xs&#8221;][vc_single_image image=&#8221;8218&#8243; img_size=&#8221;&#8221; alignment=&#8221;center&#8221; onclick=&#8221;custom_link&#8221; css=&#8221;.vc_custom_1731404101161{margin-left: 140px !important;border-top-width: -20px !important;border-bottom-width: -20px !important;padding-top: -40px !important;padding-bottom: -40px !important;}&#8221; link=&#8221;https:\/\/casa.fmleao.pt\/en\/&#8221;][\/vc_column][vc_column width=&#8221;3\/4&#8243; offset=&#8221;vc_hidden-sm vc_hidden-xs&#8221;][\/vc_column][\/vc_row][vc_row css=&#8221;.vc_custom_1728991172470{padding-top: -20px !important;padding-bottom: -20px !important;background-color: #25a2a8 !important;}&#8221;][vc_column width=&#8221;1\/4&#8243; css=&#8221;.vc_custom_1732021408854{margin-top: -20px !important;border-bottom-width: -20px !important;padding-top: -20px [&hellip;]<\/p>\n","protected":false},"author":1,"featured_media":0,"parent":0,"menu_order":0,"comment_status":"closed","ping_status":"closed","template":"page-templates\/pagebuilder.php","meta":{"cybocfi_hide_featured_image":"","footnotes":""},"class_list":["post-10922","page","type-page","status-publish","hentry"],"yoast_head":"<!-- This site is optimized with the Yoast SEO plugin v27.4 - https:\/\/yoast.com\/product\/yoast-seo-wordpress\/ -->\n<title>About us - Casa da Imagem<\/title>\n<meta name=\"robots\" content=\"noindex, follow, max-snippet:-1, max-image-preview:large, max-video-preview:-1\" \/>\n<meta property=\"og:locale\" content=\"en_US\" \/>\n<meta property=\"og:type\" content=\"article\" \/>\n<meta property=\"og:title\" content=\"About us - Casa da Imagem\" \/>\n<meta property=\"og:description\" content=\"[vc_row css=&#8221;.vc_custom_1728991172470{padding-top: -20px !important;padding-bottom: -20px !important;background-color: #25a2a8 !important;}&#8221;][vc_column width=&#8221;1\/4&#8243; css=&#8221;.vc_custom_1732021334971{margin-top: -20px !important;margin-bottom: -20px !important;border-bottom-width: -20px !important;padding-top: -20px !important;padding-bottom: -20px !important;}&#8221; offset=&#8221;vc_hidden-sm vc_hidden-xs&#8221;][vc_single_image image=&#8221;8218&#8243; img_size=&#8221;&#8221; alignment=&#8221;center&#8221; onclick=&#8221;custom_link&#8221; css=&#8221;.vc_custom_1731404101161{margin-left: 140px !important;border-top-width: -20px !important;border-bottom-width: -20px !important;padding-top: -40px !important;padding-bottom: -40px !important;}&#8221; link=&#8221;https:\/\/casa.fmleao.pt\/en\/&#8221;][\/vc_column][vc_column width=&#8221;3\/4&#8243; offset=&#8221;vc_hidden-sm vc_hidden-xs&#8221;][\/vc_column][\/vc_row][vc_row css=&#8221;.vc_custom_1728991172470{padding-top: -20px !important;padding-bottom: -20px !important;background-color: #25a2a8 !important;}&#8221;][vc_column width=&#8221;1\/4&#8243; css=&#8221;.vc_custom_1732021408854{margin-top: -20px !important;border-bottom-width: -20px !important;padding-top: -20px [&hellip;]\" \/>\n<meta property=\"og:url\" content=\"https:\/\/casa.fmleao.pt\/en\/about-us\/\" \/>\n<meta property=\"og:site_name\" content=\"Casa da Imagem\" \/>\n<meta property=\"article:modified_time\" content=\"2025-09-05T16:31:04+00:00\" \/>\n<meta name=\"twitter:card\" content=\"summary_large_image\" \/>\n<meta name=\"twitter:label1\" content=\"Est. reading time\" \/>\n\t<meta name=\"twitter:data1\" content=\"7 minutes\" \/>\n<script type=\"application\/ld+json\" class=\"yoast-schema-graph\">{\"@context\":\"https:\\\/\\\/schema.org\",\"@graph\":[{\"@type\":\"WebPage\",\"@id\":\"https:\\\/\\\/casa.fmleao.pt\\\/en\\\/about-us\\\/\",\"url\":\"https:\\\/\\\/casa.fmleao.pt\\\/en\\\/about-us\\\/\",\"name\":\"About us - Casa da Imagem\",\"isPartOf\":{\"@id\":\"https:\\\/\\\/casa.fmleao.pt\\\/en\\\/#website\"},\"datePublished\":\"2024-05-15T13:49:58+00:00\",\"dateModified\":\"2025-09-05T16:31:04+00:00\",\"breadcrumb\":{\"@id\":\"https:\\\/\\\/casa.fmleao.pt\\\/en\\\/about-us\\\/#breadcrumb\"},\"inLanguage\":\"en-US\",\"potentialAction\":[{\"@type\":\"ReadAction\",\"target\":[\"https:\\\/\\\/casa.fmleao.pt\\\/en\\\/about-us\\\/\"]}]},{\"@type\":\"BreadcrumbList\",\"@id\":\"https:\\\/\\\/casa.fmleao.pt\\\/en\\\/about-us\\\/#breadcrumb\",\"itemListElement\":[{\"@type\":\"ListItem\",\"position\":1,\"name\":\"In\u00edcio\",\"item\":\"https:\\\/\\\/casa.fmleao.pt\\\/en\\\/\"},{\"@type\":\"ListItem\",\"position\":2,\"name\":\"About us\"}]},{\"@type\":\"WebSite\",\"@id\":\"https:\\\/\\\/casa.fmleao.pt\\\/en\\\/#website\",\"url\":\"https:\\\/\\\/casa.fmleao.pt\\\/en\\\/\",\"name\":\"Casa da Imagem\",\"description\":\"\",\"publisher\":{\"@id\":\"https:\\\/\\\/casa.fmleao.pt\\\/en\\\/#organization\"},\"potentialAction\":[{\"@type\":\"SearchAction\",\"target\":{\"@type\":\"EntryPoint\",\"urlTemplate\":\"https:\\\/\\\/casa.fmleao.pt\\\/en\\\/?s={search_term_string}\"},\"query-input\":{\"@type\":\"PropertyValueSpecification\",\"valueRequired\":true,\"valueName\":\"search_term_string\"}}],\"inLanguage\":\"en-US\"},{\"@type\":\"Organization\",\"@id\":\"https:\\\/\\\/casa.fmleao.pt\\\/en\\\/#organization\",\"name\":\"Casa da Imagem\",\"url\":\"https:\\\/\\\/casa.fmleao.pt\\\/en\\\/\",\"logo\":{\"@type\":\"ImageObject\",\"inLanguage\":\"en-US\",\"@id\":\"https:\\\/\\\/casa.fmleao.pt\\\/en\\\/#\\\/schema\\\/logo\\\/image\\\/\",\"url\":\"https:\\\/\\\/casa.fmleao.pt\\\/wp-content\\\/uploads\\\/2024\\\/05\\\/Unknown-e1715614640487.png\",\"contentUrl\":\"https:\\\/\\\/casa.fmleao.pt\\\/wp-content\\\/uploads\\\/2024\\\/05\\\/Unknown-e1715614640487.png\",\"width\":199,\"height\":81,\"caption\":\"Casa da Imagem\"},\"image\":{\"@id\":\"https:\\\/\\\/casa.fmleao.pt\\\/en\\\/#\\\/schema\\\/logo\\\/image\\\/\"},\"sameAs\":[\"https:\\\/\\\/www.instagram.com\\\/casadaimagem\\\/\"]}]}<\/script>\n<!-- \/ Yoast SEO plugin. -->","yoast_head_json":{"title":"About us - Casa da Imagem","robots":{"index":"noindex","follow":"follow","max-snippet":"max-snippet:-1","max-image-preview":"max-image-preview:large","max-video-preview":"max-video-preview:-1"},"og_locale":"en_US","og_type":"article","og_title":"About us - Casa da Imagem","og_description":"[vc_row css=&#8221;.vc_custom_1728991172470{padding-top: -20px !important;padding-bottom: -20px !important;background-color: #25a2a8 !important;}&#8221;][vc_column width=&#8221;1\/4&#8243; css=&#8221;.vc_custom_1732021334971{margin-top: -20px !important;margin-bottom: -20px !important;border-bottom-width: -20px !important;padding-top: -20px !important;padding-bottom: -20px !important;}&#8221; offset=&#8221;vc_hidden-sm vc_hidden-xs&#8221;][vc_single_image image=&#8221;8218&#8243; img_size=&#8221;&#8221; alignment=&#8221;center&#8221; onclick=&#8221;custom_link&#8221; css=&#8221;.vc_custom_1731404101161{margin-left: 140px !important;border-top-width: -20px !important;border-bottom-width: -20px !important;padding-top: -40px !important;padding-bottom: -40px !important;}&#8221; link=&#8221;https:\/\/casa.fmleao.pt\/en\/&#8221;][\/vc_column][vc_column width=&#8221;3\/4&#8243; offset=&#8221;vc_hidden-sm vc_hidden-xs&#8221;][\/vc_column][\/vc_row][vc_row css=&#8221;.vc_custom_1728991172470{padding-top: -20px !important;padding-bottom: -20px !important;background-color: #25a2a8 !important;}&#8221;][vc_column width=&#8221;1\/4&#8243; css=&#8221;.vc_custom_1732021408854{margin-top: -20px !important;border-bottom-width: -20px !important;padding-top: -20px [&hellip;]","og_url":"https:\/\/casa.fmleao.pt\/en\/about-us\/","og_site_name":"Casa da Imagem","article_modified_time":"2025-09-05T16:31:04+00:00","twitter_card":"summary_large_image","twitter_misc":{"Est. reading time":"7 minutes"},"schema":{"@context":"https:\/\/schema.org","@graph":[{"@type":"WebPage","@id":"https:\/\/casa.fmleao.pt\/en\/about-us\/","url":"https:\/\/casa.fmleao.pt\/en\/about-us\/","name":"About us - Casa da Imagem","isPartOf":{"@id":"https:\/\/casa.fmleao.pt\/en\/#website"},"datePublished":"2024-05-15T13:49:58+00:00","dateModified":"2025-09-05T16:31:04+00:00","breadcrumb":{"@id":"https:\/\/casa.fmleao.pt\/en\/about-us\/#breadcrumb"},"inLanguage":"en-US","potentialAction":[{"@type":"ReadAction","target":["https:\/\/casa.fmleao.pt\/en\/about-us\/"]}]},{"@type":"BreadcrumbList","@id":"https:\/\/casa.fmleao.pt\/en\/about-us\/#breadcrumb","itemListElement":[{"@type":"ListItem","position":1,"name":"In\u00edcio","item":"https:\/\/casa.fmleao.pt\/en\/"},{"@type":"ListItem","position":2,"name":"About us"}]},{"@type":"WebSite","@id":"https:\/\/casa.fmleao.pt\/en\/#website","url":"https:\/\/casa.fmleao.pt\/en\/","name":"Casa da Imagem","description":"","publisher":{"@id":"https:\/\/casa.fmleao.pt\/en\/#organization"},"potentialAction":[{"@type":"SearchAction","target":{"@type":"EntryPoint","urlTemplate":"https:\/\/casa.fmleao.pt\/en\/?s={search_term_string}"},"query-input":{"@type":"PropertyValueSpecification","valueRequired":true,"valueName":"search_term_string"}}],"inLanguage":"en-US"},{"@type":"Organization","@id":"https:\/\/casa.fmleao.pt\/en\/#organization","name":"Casa da Imagem","url":"https:\/\/casa.fmleao.pt\/en\/","logo":{"@type":"ImageObject","inLanguage":"en-US","@id":"https:\/\/casa.fmleao.pt\/en\/#\/schema\/logo\/image\/","url":"https:\/\/casa.fmleao.pt\/wp-content\/uploads\/2024\/05\/Unknown-e1715614640487.png","contentUrl":"https:\/\/casa.fmleao.pt\/wp-content\/uploads\/2024\/05\/Unknown-e1715614640487.png","width":199,"height":81,"caption":"Casa da Imagem"},"image":{"@id":"https:\/\/casa.fmleao.pt\/en\/#\/schema\/logo\/image\/"},"sameAs":["https:\/\/www.instagram.com\/casadaimagem\/"]}]}},"_links":{"self":[{"href":"https:\/\/casa.fmleao.pt\/en\/wp-json\/wp\/v2\/pages\/10922","targetHints":{"allow":["GET"]}}],"collection":[{"href":"https:\/\/casa.fmleao.pt\/en\/wp-json\/wp\/v2\/pages"}],"about":[{"href":"https:\/\/casa.fmleao.pt\/en\/wp-json\/wp\/v2\/types\/page"}],"author":[{"embeddable":true,"href":"https:\/\/casa.fmleao.pt\/en\/wp-json\/wp\/v2\/users\/1"}],"replies":[{"embeddable":true,"href":"https:\/\/casa.fmleao.pt\/en\/wp-json\/wp\/v2\/comments?post=10922"}],"version-history":[{"count":20,"href":"https:\/\/casa.fmleao.pt\/en\/wp-json\/wp\/v2\/pages\/10922\/revisions"}],"predecessor-version":[{"id":12470,"href":"https:\/\/casa.fmleao.pt\/en\/wp-json\/wp\/v2\/pages\/10922\/revisions\/12470"}],"wp:attachment":[{"href":"https:\/\/casa.fmleao.pt\/en\/wp-json\/wp\/v2\/media?parent=10922"}],"curies":[{"name":"wp","href":"https:\/\/api.w.org\/{rel}","templated":true}]}}