{"id":10913,"date":"2024-09-09T15:52:50","date_gmt":"2024-09-09T15:52:50","guid":{"rendered":"https:\/\/casa.fmleao.pt\/project-press-here\/"},"modified":"2025-09-26T15:11:56","modified_gmt":"2025-09-26T15:11:56","slug":"project-press-here","status":"publish","type":"page","link":"https:\/\/casa.fmleao.pt\/en\/projects\/project-press-here\/","title":{"rendered":"Project &#8211; Press Here"},"content":{"rendered":"<div class=\"wpb-content-wrapper\"><p>[vc_row css=&#8221;.vc_custom_1717421762339{padding-top: -20px !important;padding-bottom: -20px !important;background-color: #25a2a8 !important;}&#8221;][vc_column width=&#8221;1\/4&#8243; css=&#8221;.vc_custom_1732533687737{margin-top: -20px !important;margin-bottom: -20px !important;border-bottom-width: -20px !important;padding-top: -20px !important;padding-bottom: -20px !important;}&#8221; offset=&#8221;vc_hidden-sm vc_hidden-xs&#8221;][vc_single_image image=&#8221;10462&#8243; img_size=&#8221;80&#215;80&#8243; alignment=&#8221;center&#8221; onclick=&#8221;custom_link&#8221; css=&#8221;.vc_custom_1720690582570{margin-left: 140px !important;border-top-width: -20px !important;border-bottom-width: -20px !important;padding-top: -40px !important;padding-bottom: -40px !important;}&#8221; link=&#8221;https:\/\/casa.fmleao.pt\/en\/&#8221;][\/vc_column][vc_column width=&#8221;3\/4&#8243; offset=&#8221;vc_hidden-sm vc_hidden-xs&#8221;][\/vc_column][\/vc_row][vc_row css=&#8221;.vc_custom_1728991172470{padding-top: -20px !important;padding-bottom: -20px !important;background-color: #25a2a8 !important;}&#8221;][vc_column width=&#8221;1\/4&#8243; css=&#8221;.vc_custom_1732021408854{margin-top: -20px !important;border-bottom-width: -20px !important;padding-top: -20px !important;padding-bottom: -20px !important;}&#8221; offset=&#8221;vc_hidden-lg vc_hidden-md&#8221;][vc_single_image image=&#8221;10739&#8243; img_size=&#8221;&#8221; onclick=&#8221;custom_link&#8221; css=&#8221;.vc_custom_1732021457789{margin-bottom: -25px !important;margin-left: 40px !important;border-top-width: -20px !important;padding-top: -40px !important;padding-bottom: -40px !important;}&#8221; link=&#8221;https:\/\/casa.fmleao.pt\/en\/&#8221;][\/vc_column][vc_column width=&#8221;3\/4&#8243; offset=&#8221;vc_hidden-lg vc_hidden-md&#8221;][\/vc_column][\/vc_row][vc_row css=&#8221;.vc_custom_1722333229971{padding-right: 50px !important;padding-left: 50px !important;}&#8221;][vc_column width=&#8221;1\/4&#8243;][vc_single_image image=&#8221;10849&#8243; img_size=&#8221;medium&#8221; alignment=&#8221;right&#8221; css=&#8221;.vc_custom_1735830602937{padding-right: 20px !important;}&#8221;][\/vc_column][vc_column width=&#8221;3\/4&#8243;][vc_column_text css=&#8221;.vc_custom_1738163938636{margin-bottom: 0px !important;}&#8221;]<a href=\"https:\/\/presshere-industry.eu\/\">PRESSHERE: A LIVE ARCHIVE ON INDUSTRY<\/a>, is a project on the past, present and future of industry, on labor issues, gender issues and fundamental human rights. PressHere transforms museum archives into living archives.<\/p>\n<p>The PressHere Research Guide is aimed at educators, teachers, researchers and young people, to be used in schools, museums or other contexts. It is an object that catalyses new and meaningful learning. The concepts in this Guide have been associated with content from the school curriculum, from pre-school to secondary school, worked on through a series of art-based activities.<\/p>\n<p>The art-based workshops encourage the development of critical thinking and concrete action on the images in the Archives and the concepts in the Research Guide, relating them to the everyday experiences of children and young people, generating a new and lively archive of images. The workshops promote creativity and divergent and associative thinking, as well as exploratory skills, attention and sensitivity. They involve multimedia digital resources dedicated to the project.<\/p>\n<p>PressHere was funded by the Erasmus+ Cooperation for School Education program between 2021-2023. Partners: MyDocumenta, Spain, Agrupamento de Escolas Ant\u00f3nio Fernandes de S\u00e1, Portugal Nezihe Derya Baltal\u0131 Bilim ve Sanat Merkezi, Turkey, Launceston College, England and Gabrovo Municipality, Bulgaria.[\/vc_column_text][vc_single_image image=&#8221;12622&#8243; img_size=&#8221;full&#8221; css=&#8221;.vc_custom_1758899517045{margin-bottom: 0px !important;padding-top: 10px !important;padding-right: 300px !important;}&#8221;][\/vc_column][\/vc_row][vc_row css=&#8221;.vc_custom_1722333223718{margin-top: 20px !important;margin-bottom: 20px !important;padding-right: 50px !important;padding-left: 50px !important;}&#8221;][vc_column width=&#8221;1\/4&#8243;][vc_single_image image=&#8221;10847&#8243; alignment=&#8221;right&#8221; css=&#8221;.vc_custom_1738146468422{margin-bottom: 15px !important;padding-right: 20px !important;}&#8221;][vc_column_text css=&#8221;.vc_custom_1738146577861{padding-right: 20px !important;}&#8221;]<\/p>\n<h6 style=\"text-align: right;\">2021-2023<\/h6>\n<p>[\/vc_column_text][\/vc_column][vc_column width=&#8221;1\/4&#8243; css=&#8221;.vc_custom_1728912427818{padding-right: 20px !important;}&#8221;][vc_single_image image=&#8221;10533&#8243; img_size=&#8221;full&#8221; css=&#8221;.vc_custom_1725898630923{margin-bottom: 5px !important;}&#8221;][\/vc_column][vc_column width=&#8221;1\/4&#8243; css=&#8221;.vc_custom_1728912432362{padding-right: 20px !important;}&#8221;][vc_single_image image=&#8221;10535&#8243; img_size=&#8221;full&#8221; css=&#8221;.vc_custom_1725898639541{margin-bottom: 5px !important;}&#8221;][\/vc_column][vc_column width=&#8221;1\/4&#8243;][vc_single_image image=&#8221;10534&#8243; img_size=&#8221;full&#8221; css=&#8221;.vc_custom_1725898647034{margin-bottom: 5px !important;}&#8221;][\/vc_column][\/vc_row][vc_row css=&#8221;.vc_custom_1721902020164{margin-bottom: 20px !important;padding-right: 50px !important;padding-left: 50px !important;}&#8221;][vc_column width=&#8221;1\/4&#8243;][\/vc_column][vc_column width=&#8221;1\/4&#8243;][vc_column_text css=&#8221;&#8221;]<\/p>\n<h3>KNOW<\/h3>\n<p>The <a href=\"https:\/\/presshere-industry.eu\/research-guide\/\" target=\"_blank\" rel=\"noopener\"><span style=\"color: #cc143f;\">Research Guide<\/span><\/a>, the <a href=\"https:\/\/presshere-industry.eu\/toolkit\/\" target=\"_blank\" rel=\"noopener\"><span style=\"color: #cc143f;\">Digital Kit<\/span><\/a> (Improvisa) and the <a href=\"https:\/\/presshere-industry.eu\/toolkit\/\" target=\"_blank\" rel=\"noopener\"><span style=\"color: #cc143f;\">database of sounds and images<\/span><\/a> for the activation of this project.[\/vc_column_text][\/vc_column][vc_column width=&#8221;1\/4&#8243;][vc_column_text css=&#8221;&#8221;]<\/p>\n<h3>EXPERIMENT<\/h3>\n<p><a href=\"https:\/\/presshere-industry.eu\/workshops\/\" target=\"_blank\" rel=\"noopener\"><span style=\"color: #cc143f;\">Workshops<\/span><\/a> we&#8217;ve developed on the themes of industry, labour and gender issues. Check them out <span style=\"color: #cc143f;\"><a style=\"color: #cc143f;\" href=\"https:\/\/presshere-industry.eu\/workshops\/\">here<\/a><\/span>.[\/vc_column_text][\/vc_column][vc_column width=&#8221;1\/4&#8243;][vc_column_text css=&#8221;&#8221;]<\/p>\n<h3>CONTACT<\/h3>\n<p><a href=\"https:\/\/casa.fmleao.pt\/en\/information-request-projects\/\"><span style=\"color: #cc143f;\">Request more information<\/span><\/a><\/p>\n<p><a href=\"http:\/\/www.presshere-industry.eu\" target=\"_blank\" rel=\"noopener\"><span style=\"color: #cc143f;\">www.presshere-industry.eu<\/span><\/a>[\/vc_column_text][\/vc_column][\/vc_row][vc_row css=&#8221;.vc_custom_1721902020164{margin-bottom: 20px !important;padding-right: 50px !important;padding-left: 50px !important;}&#8221;][vc_column width=&#8221;1\/4&#8243;][vc_column_text css=&#8221;.vc_custom_1731000891594{padding-right: 20px !important;padding-left: 20px !important;}&#8221;]<\/p>\n<h3 style=\"text-align: right;\">WHAT HAPPENED<strong><br \/>\n<\/strong><\/h3>\n<p>[\/vc_column_text][\/vc_column][vc_column width=&#8221;3\/4&#8243;][vc_masonry_grid post_type=&#8221;post&#8221; max_items=&#8221;10&#8243; css=&#8221;&#8221; grid_id=&#8221;vc_gid:1758899507082-2489a72c-644e-6&#8243; taxonomies=&#8221;41&#8243;][\/vc_column][\/vc_row][vc_row css=&#8221;.vc_custom_1721902020164{margin-bottom: 20px !important;padding-right: 50px !important;padding-left: 50px !important;}&#8221;][vc_column width=&#8221;1\/4&#8243;][vc_column_text css=&#8221;.vc_custom_1738684061329{padding-right: 20px !important;padding-left: 20px !important;}&#8221;]<\/p>\n<p style=\"text-align: right;\"><a href=\"https:\/\/casa.fmleao.pt\/en\/projects\/\">return<\/a><a href=\"https:\/\/casa.fmleao.pt\/en\/projects\/\"> to PROJECTS<\/a><\/p>\n<p>[\/vc_column_text][\/vc_column][\/vc_row]<\/p>\n<\/div>","protected":false},"excerpt":{"rendered":"<p>[vc_row css=&#8221;.vc_custom_1717421762339{padding-top: -20px !important;padding-bottom: -20px !important;background-color: #25a2a8 !important;}&#8221;][vc_column width=&#8221;1\/4&#8243; css=&#8221;.vc_custom_1732533687737{margin-top: -20px !important;margin-bottom: -20px !important;border-bottom-width: -20px !important;padding-top: -20px !important;padding-bottom: -20px !important;}&#8221; offset=&#8221;vc_hidden-sm vc_hidden-xs&#8221;][vc_single_image image=&#8221;10462&#8243; img_size=&#8221;80&#215;80&#8243; alignment=&#8221;center&#8221; onclick=&#8221;custom_link&#8221; css=&#8221;.vc_custom_1720690582570{margin-left: 140px !important;border-top-width: -20px !important;border-bottom-width: -20px !important;padding-top: -40px !important;padding-bottom: -40px !important;}&#8221; link=&#8221;https:\/\/casa.fmleao.pt\/en\/&#8221;][\/vc_column][vc_column width=&#8221;3\/4&#8243; offset=&#8221;vc_hidden-sm vc_hidden-xs&#8221;][\/vc_column][\/vc_row][vc_row css=&#8221;.vc_custom_1728991172470{padding-top: -20px !important;padding-bottom: -20px !important;background-color: #25a2a8 !important;}&#8221;][vc_column width=&#8221;1\/4&#8243; css=&#8221;.vc_custom_1732021408854{margin-top: -20px !important;border-bottom-width: -20px !important;padding-top: -20px [&hellip;]<\/p>\n","protected":false},"author":1,"featured_media":0,"parent":11095,"menu_order":0,"comment_status":"closed","ping_status":"closed","template":"page-templates\/pagebuilder.php","meta":{"cybocfi_hide_featured_image":"","footnotes":""},"class_list":["post-10913","page","type-page","status-publish","hentry"],"yoast_head":"<!-- This site is optimized with the Yoast SEO plugin v27.4 - https:\/\/yoast.com\/product\/yoast-seo-wordpress\/ -->\n<title>Project - Press Here - Casa da Imagem<\/title>\n<meta name=\"robots\" content=\"noindex, follow, max-snippet:-1, max-image-preview:large, max-video-preview:-1\" \/>\n<meta property=\"og:locale\" content=\"en_US\" \/>\n<meta property=\"og:type\" content=\"article\" \/>\n<meta property=\"og:title\" content=\"Project - Press Here - Casa da Imagem\" \/>\n<meta property=\"og:description\" content=\"[vc_row css=&#8221;.vc_custom_1717421762339{padding-top: -20px !important;padding-bottom: -20px !important;background-color: #25a2a8 !important;}&#8221;][vc_column width=&#8221;1\/4&#8243; css=&#8221;.vc_custom_1732533687737{margin-top: -20px !important;margin-bottom: -20px !important;border-bottom-width: -20px !important;padding-top: -20px !important;padding-bottom: -20px !important;}&#8221; offset=&#8221;vc_hidden-sm vc_hidden-xs&#8221;][vc_single_image image=&#8221;10462&#8243; img_size=&#8221;80&#215;80&#8243; alignment=&#8221;center&#8221; onclick=&#8221;custom_link&#8221; css=&#8221;.vc_custom_1720690582570{margin-left: 140px !important;border-top-width: -20px !important;border-bottom-width: -20px !important;padding-top: -40px !important;padding-bottom: -40px !important;}&#8221; link=&#8221;https:\/\/casa.fmleao.pt\/en\/&#8221;][\/vc_column][vc_column width=&#8221;3\/4&#8243; offset=&#8221;vc_hidden-sm vc_hidden-xs&#8221;][\/vc_column][\/vc_row][vc_row css=&#8221;.vc_custom_1728991172470{padding-top: -20px !important;padding-bottom: -20px !important;background-color: #25a2a8 !important;}&#8221;][vc_column width=&#8221;1\/4&#8243; css=&#8221;.vc_custom_1732021408854{margin-top: -20px !important;border-bottom-width: -20px !important;padding-top: -20px [&hellip;]\" \/>\n<meta property=\"og:url\" content=\"https:\/\/casa.fmleao.pt\/en\/projects\/project-press-here\/\" \/>\n<meta property=\"og:site_name\" content=\"Casa da Imagem\" \/>\n<meta property=\"article:modified_time\" content=\"2025-09-26T15:11:56+00:00\" \/>\n<meta name=\"twitter:card\" content=\"summary_large_image\" \/>\n<meta name=\"twitter:label1\" content=\"Est. reading time\" \/>\n\t<meta name=\"twitter:data1\" content=\"5 minutes\" \/>\n<script type=\"application\/ld+json\" class=\"yoast-schema-graph\">{\"@context\":\"https:\\\/\\\/schema.org\",\"@graph\":[{\"@type\":\"WebPage\",\"@id\":\"https:\\\/\\\/casa.fmleao.pt\\\/en\\\/projects\\\/project-press-here\\\/\",\"url\":\"https:\\\/\\\/casa.fmleao.pt\\\/en\\\/projects\\\/project-press-here\\\/\",\"name\":\"Project - Press Here - Casa da Imagem\",\"isPartOf\":{\"@id\":\"https:\\\/\\\/casa.fmleao.pt\\\/en\\\/#website\"},\"datePublished\":\"2024-09-09T15:52:50+00:00\",\"dateModified\":\"2025-09-26T15:11:56+00:00\",\"breadcrumb\":{\"@id\":\"https:\\\/\\\/casa.fmleao.pt\\\/en\\\/projects\\\/project-press-here\\\/#breadcrumb\"},\"inLanguage\":\"en-US\",\"potentialAction\":[{\"@type\":\"ReadAction\",\"target\":[\"https:\\\/\\\/casa.fmleao.pt\\\/en\\\/projects\\\/project-press-here\\\/\"]}]},{\"@type\":\"BreadcrumbList\",\"@id\":\"https:\\\/\\\/casa.fmleao.pt\\\/en\\\/projects\\\/project-press-here\\\/#breadcrumb\",\"itemListElement\":[{\"@type\":\"ListItem\",\"position\":1,\"name\":\"In\u00edcio\",\"item\":\"https:\\\/\\\/casa.fmleao.pt\\\/en\\\/\"},{\"@type\":\"ListItem\",\"position\":2,\"name\":\"Projects\",\"item\":\"https:\\\/\\\/casa.fmleao.pt\\\/en\\\/projects\\\/\"},{\"@type\":\"ListItem\",\"position\":3,\"name\":\"Project &#8211; Press Here\"}]},{\"@type\":\"WebSite\",\"@id\":\"https:\\\/\\\/casa.fmleao.pt\\\/en\\\/#website\",\"url\":\"https:\\\/\\\/casa.fmleao.pt\\\/en\\\/\",\"name\":\"Casa da Imagem\",\"description\":\"\",\"publisher\":{\"@id\":\"https:\\\/\\\/casa.fmleao.pt\\\/en\\\/#organization\"},\"potentialAction\":[{\"@type\":\"SearchAction\",\"target\":{\"@type\":\"EntryPoint\",\"urlTemplate\":\"https:\\\/\\\/casa.fmleao.pt\\\/en\\\/?s={search_term_string}\"},\"query-input\":{\"@type\":\"PropertyValueSpecification\",\"valueRequired\":true,\"valueName\":\"search_term_string\"}}],\"inLanguage\":\"en-US\"},{\"@type\":\"Organization\",\"@id\":\"https:\\\/\\\/casa.fmleao.pt\\\/en\\\/#organization\",\"name\":\"Casa da Imagem\",\"url\":\"https:\\\/\\\/casa.fmleao.pt\\\/en\\\/\",\"logo\":{\"@type\":\"ImageObject\",\"inLanguage\":\"en-US\",\"@id\":\"https:\\\/\\\/casa.fmleao.pt\\\/en\\\/#\\\/schema\\\/logo\\\/image\\\/\",\"url\":\"https:\\\/\\\/casa.fmleao.pt\\\/wp-content\\\/uploads\\\/2024\\\/05\\\/Unknown-e1715614640487.png\",\"contentUrl\":\"https:\\\/\\\/casa.fmleao.pt\\\/wp-content\\\/uploads\\\/2024\\\/05\\\/Unknown-e1715614640487.png\",\"width\":199,\"height\":81,\"caption\":\"Casa da Imagem\"},\"image\":{\"@id\":\"https:\\\/\\\/casa.fmleao.pt\\\/en\\\/#\\\/schema\\\/logo\\\/image\\\/\"},\"sameAs\":[\"https:\\\/\\\/www.instagram.com\\\/casadaimagem\\\/\"]}]}<\/script>\n<!-- \/ Yoast SEO plugin. -->","yoast_head_json":{"title":"Project - Press Here - Casa da Imagem","robots":{"index":"noindex","follow":"follow","max-snippet":"max-snippet:-1","max-image-preview":"max-image-preview:large","max-video-preview":"max-video-preview:-1"},"og_locale":"en_US","og_type":"article","og_title":"Project - Press Here - Casa da Imagem","og_description":"[vc_row css=&#8221;.vc_custom_1717421762339{padding-top: -20px !important;padding-bottom: -20px !important;background-color: #25a2a8 !important;}&#8221;][vc_column width=&#8221;1\/4&#8243; css=&#8221;.vc_custom_1732533687737{margin-top: -20px !important;margin-bottom: -20px !important;border-bottom-width: -20px !important;padding-top: -20px !important;padding-bottom: -20px !important;}&#8221; offset=&#8221;vc_hidden-sm vc_hidden-xs&#8221;][vc_single_image image=&#8221;10462&#8243; img_size=&#8221;80&#215;80&#8243; alignment=&#8221;center&#8221; onclick=&#8221;custom_link&#8221; css=&#8221;.vc_custom_1720690582570{margin-left: 140px !important;border-top-width: -20px !important;border-bottom-width: -20px !important;padding-top: -40px !important;padding-bottom: -40px !important;}&#8221; link=&#8221;https:\/\/casa.fmleao.pt\/en\/&#8221;][\/vc_column][vc_column width=&#8221;3\/4&#8243; offset=&#8221;vc_hidden-sm vc_hidden-xs&#8221;][\/vc_column][\/vc_row][vc_row css=&#8221;.vc_custom_1728991172470{padding-top: -20px !important;padding-bottom: -20px !important;background-color: #25a2a8 !important;}&#8221;][vc_column width=&#8221;1\/4&#8243; css=&#8221;.vc_custom_1732021408854{margin-top: -20px !important;border-bottom-width: -20px !important;padding-top: -20px [&hellip;]","og_url":"https:\/\/casa.fmleao.pt\/en\/projects\/project-press-here\/","og_site_name":"Casa da Imagem","article_modified_time":"2025-09-26T15:11:56+00:00","twitter_card":"summary_large_image","twitter_misc":{"Est. reading time":"5 minutes"},"schema":{"@context":"https:\/\/schema.org","@graph":[{"@type":"WebPage","@id":"https:\/\/casa.fmleao.pt\/en\/projects\/project-press-here\/","url":"https:\/\/casa.fmleao.pt\/en\/projects\/project-press-here\/","name":"Project - Press Here - Casa da Imagem","isPartOf":{"@id":"https:\/\/casa.fmleao.pt\/en\/#website"},"datePublished":"2024-09-09T15:52:50+00:00","dateModified":"2025-09-26T15:11:56+00:00","breadcrumb":{"@id":"https:\/\/casa.fmleao.pt\/en\/projects\/project-press-here\/#breadcrumb"},"inLanguage":"en-US","potentialAction":[{"@type":"ReadAction","target":["https:\/\/casa.fmleao.pt\/en\/projects\/project-press-here\/"]}]},{"@type":"BreadcrumbList","@id":"https:\/\/casa.fmleao.pt\/en\/projects\/project-press-here\/#breadcrumb","itemListElement":[{"@type":"ListItem","position":1,"name":"In\u00edcio","item":"https:\/\/casa.fmleao.pt\/en\/"},{"@type":"ListItem","position":2,"name":"Projects","item":"https:\/\/casa.fmleao.pt\/en\/projects\/"},{"@type":"ListItem","position":3,"name":"Project &#8211; Press Here"}]},{"@type":"WebSite","@id":"https:\/\/casa.fmleao.pt\/en\/#website","url":"https:\/\/casa.fmleao.pt\/en\/","name":"Casa da Imagem","description":"","publisher":{"@id":"https:\/\/casa.fmleao.pt\/en\/#organization"},"potentialAction":[{"@type":"SearchAction","target":{"@type":"EntryPoint","urlTemplate":"https:\/\/casa.fmleao.pt\/en\/?s={search_term_string}"},"query-input":{"@type":"PropertyValueSpecification","valueRequired":true,"valueName":"search_term_string"}}],"inLanguage":"en-US"},{"@type":"Organization","@id":"https:\/\/casa.fmleao.pt\/en\/#organization","name":"Casa da Imagem","url":"https:\/\/casa.fmleao.pt\/en\/","logo":{"@type":"ImageObject","inLanguage":"en-US","@id":"https:\/\/casa.fmleao.pt\/en\/#\/schema\/logo\/image\/","url":"https:\/\/casa.fmleao.pt\/wp-content\/uploads\/2024\/05\/Unknown-e1715614640487.png","contentUrl":"https:\/\/casa.fmleao.pt\/wp-content\/uploads\/2024\/05\/Unknown-e1715614640487.png","width":199,"height":81,"caption":"Casa da Imagem"},"image":{"@id":"https:\/\/casa.fmleao.pt\/en\/#\/schema\/logo\/image\/"},"sameAs":["https:\/\/www.instagram.com\/casadaimagem\/"]}]}},"_links":{"self":[{"href":"https:\/\/casa.fmleao.pt\/en\/wp-json\/wp\/v2\/pages\/10913","targetHints":{"allow":["GET"]}}],"collection":[{"href":"https:\/\/casa.fmleao.pt\/en\/wp-json\/wp\/v2\/pages"}],"about":[{"href":"https:\/\/casa.fmleao.pt\/en\/wp-json\/wp\/v2\/types\/page"}],"author":[{"embeddable":true,"href":"https:\/\/casa.fmleao.pt\/en\/wp-json\/wp\/v2\/users\/1"}],"replies":[{"embeddable":true,"href":"https:\/\/casa.fmleao.pt\/en\/wp-json\/wp\/v2\/comments?post=10913"}],"version-history":[{"count":9,"href":"https:\/\/casa.fmleao.pt\/en\/wp-json\/wp\/v2\/pages\/10913\/revisions"}],"predecessor-version":[{"id":12625,"href":"https:\/\/casa.fmleao.pt\/en\/wp-json\/wp\/v2\/pages\/10913\/revisions\/12625"}],"up":[{"embeddable":true,"href":"https:\/\/casa.fmleao.pt\/en\/wp-json\/wp\/v2\/pages\/11095"}],"wp:attachment":[{"href":"https:\/\/casa.fmleao.pt\/en\/wp-json\/wp\/v2\/media?parent=10913"}],"curies":[{"name":"wp","href":"https:\/\/api.w.org\/{rel}","templated":true}]}}