{"id":10894,"date":"2024-10-14T11:07:57","date_gmt":"2024-10-14T11:07:57","guid":{"rendered":"https:\/\/casa.fmleao.pt\/projeto-famep\/"},"modified":"2025-02-11T12:47:52","modified_gmt":"2025-02-11T12:47:52","slug":"project-famep","status":"publish","type":"page","link":"https:\/\/casa.fmleao.pt\/en\/projects\/project-famep\/","title":{"rendered":"Projeto &#8211; FAMEP"},"content":{"rendered":"<div class=\"wpb-content-wrapper\"><p>[vc_row css=&#8221;.vc_custom_1717421762339{padding-top: -20px !important;padding-bottom: -20px !important;background-color: #25a2a8 !important;}&#8221;][vc_column width=&#8221;1\/4&#8243; css=&#8221;.vc_custom_1732534180227{margin-top: -20px !important;margin-bottom: -20px !important;border-bottom-width: -20px !important;padding-top: -20px !important;padding-bottom: -20px !important;}&#8221; offset=&#8221;vc_hidden-sm vc_hidden-xs&#8221;][vc_single_image image=&#8221;1556&#8243; img_size=&#8221;80&#215;80&#8243; alignment=&#8221;center&#8221; onclick=&#8221;custom_link&#8221; css=&#8221;.vc_custom_1720690582570{margin-left: 140px !important;border-top-width: -20px !important;border-bottom-width: -20px !important;padding-top: -40px !important;padding-bottom: -40px !important;}&#8221; link=&#8221;https:\/\/casa.fmleao.pt\/en\/&#8221;][\/vc_column][vc_column width=&#8221;3\/4&#8243; offset=&#8221;vc_hidden-sm vc_hidden-xs&#8221;][\/vc_column][\/vc_row][vc_row css=&#8221;.vc_custom_1728991172470{padding-top: -20px !important;padding-bottom: -20px !important;background-color: #25a2a8 !important;}&#8221;][vc_column width=&#8221;1\/4&#8243; css=&#8221;.vc_custom_1732021408854{margin-top: -20px !important;border-bottom-width: -20px !important;padding-top: -20px !important;padding-bottom: -20px !important;}&#8221; offset=&#8221;vc_hidden-lg vc_hidden-md&#8221;][vc_single_image image=&#8221;8218&#8243; img_size=&#8221;&#8221; onclick=&#8221;custom_link&#8221; css=&#8221;.vc_custom_1732021457789{margin-bottom: -25px !important;margin-left: 40px !important;border-top-width: -20px !important;padding-top: -40px !important;padding-bottom: -40px !important;}&#8221; link=&#8221;https:\/\/casa.fmleao.pt\/en\/&#8221;][\/vc_column][vc_column width=&#8221;3\/4&#8243; offset=&#8221;vc_hidden-lg vc_hidden-md&#8221;][\/vc_column][\/vc_row][vc_row css=&#8221;.vc_custom_1722333229971{padding-right: 50px !important;padding-left: 50px !important;}&#8221;][vc_column width=&#8221;1\/4&#8243; css=&#8221;.vc_custom_1738153025835{padding-left: -50px !important;}&#8221;][vc_single_image image=&#8221;9062&#8243; img_size=&#8221;&#8221; alignment=&#8221;right&#8221; css=&#8221;.vc_custom_1730977228682{margin-bottom: 5px !important;padding-right: 20px !important;}&#8221;][\/vc_column][vc_column width=&#8221;3\/4&#8243;][vc_column_text css=&#8221;&#8221;]PHOTOGRAPHY, MODERN ARCHITECTURE AND THE \u2018PORTO SCHOOL\u2019: INTERPRETATIONS ON THE TE\u00d3FILO REGO ARCHIVE, was a research project (2013-2015) carried out in partnership with ESAP&#8217;s Arnaldo Ara\u00fajo Study Centre. The starting point for this research was the <a href=\"https:\/\/casa.fmleao.pt\/en\/archive\/\">TE\u00d3FILO REGO PHOTO-COMMERCIAL ARCHIVE<\/a>, which is one of the most complete portraits of Modern Architecture in Northern Portugal, bringing together photographs of the works of architects such as Jos\u00e9 Marques da Silva, Jo\u00e3o Andresen, Janu\u00e1rio Godinho, Arnaldo Ara\u00fajo, Lu\u00eds P\u00e1dua Ramos, Jos\u00e9 Carlos Loureiro, Alfredo Viana de Lima, Agostinho Ricca Gon\u00e7alves and Rog\u00e9rio de Azevedo, among others.<\/p>\n<p>The aim was to analyse the potential of the photographic record as a tool for developing new interpretations of the theory, criticism and history of architecture, from 1940 onwards, when the spread of modern architecture and photographic practice coincided in Portugal. The aim was to analyse the potential of the photographic record as a tool for developing new interpretations of the theory, criticism and history of architecture, from 1940 onwards, when the spread of modern architecture and photographic practice coincided in Portugal.<\/p>\n<p>(FCT: PTDC\/ATP-AQI\/4805\/2012 \u2013 COMPETE: FCOMP-01-0124-FEDER-028054)[\/vc_column_text][\/vc_column][\/vc_row][vc_row css=&#8221;.vc_custom_1722333223718{margin-top: 20px !important;margin-bottom: 20px !important;padding-right: 50px !important;padding-left: 50px !important;}&#8221;][vc_column width=&#8221;1\/4&#8243;][vc_single_image image=&#8221;11464&#8243; img_size=&#8221;full&#8221; alignment=&#8221;right&#8221; css=&#8221;.vc_custom_1738153098758{padding-right: 10px !important;}&#8221;][\/vc_column][vc_column width=&#8221;1\/4&#8243; css=&#8221;.vc_custom_1731425895924{padding-right: 20px !important;}&#8221;][vc_single_image image=&#8221;9315&#8243; img_size=&#8221;full&#8221; css=&#8221;.vc_custom_1731425507708{margin-bottom: 5px !important;}&#8221;][\/vc_column][vc_column width=&#8221;1\/4&#8243; css=&#8221;.vc_custom_1731425899773{padding-right: 20px !important;}&#8221;][vc_single_image image=&#8221;9318&#8243; img_size=&#8221;full&#8221; css=&#8221;.vc_custom_1731425738683{margin-bottom: 5px !important;}&#8221;][\/vc_column][vc_column width=&#8221;1\/4&#8243;][vc_single_image image=&#8221;9313&#8243; img_size=&#8221;full&#8221; css=&#8221;&#8221;][\/vc_column][\/vc_row][vc_row css=&#8221;.vc_custom_1722333223718{margin-top: 20px !important;margin-bottom: 20px !important;padding-right: 50px !important;padding-left: 50px !important;}&#8221;][vc_column width=&#8221;1\/4&#8243;][\/vc_column][vc_column width=&#8221;1\/4&#8243;][vc_column_text css=&#8221;&#8221;]<\/p>\n<h3>SEE MORE<\/h3>\n<p><a href=\"http:\/\/www.ceaa.pt\/projeto\/fotografia-arquitectura-moderna-e-a-escola-do-port\">www.ceaa.pt<\/a>[\/vc_column_text][\/vc_column][vc_column width=&#8221;1\/4&#8243;][\/vc_column][vc_column width=&#8221;1\/4&#8243;][\/vc_column][\/vc_row][vc_row css=&#8221;.vc_custom_1729846143307{margin-top: 20px !important;margin-bottom: 20px !important;padding-right: 50px !important;padding-left: 50px !important;}&#8221;][vc_column width=&#8221;1\/4&#8243;][vc_column_text css=&#8221;.vc_custom_1731001084916{padding-right: 20px !important;padding-left: 20px !important;}&#8221;]<\/p>\n<h3 style=\"text-align: right;\">WHAT HAPPENED<\/h3>\n<p>[\/vc_column_text][\/vc_column][vc_column width=&#8221;3\/4&#8243;][vc_masonry_grid post_type=&#8221;post&#8221; max_items=&#8221;10&#8243; css=&#8221;&#8221; grid_id=&#8221;vc_gid:1738153090439-02e57ea0-f16e-3&#8243; taxonomies=&#8221;50&#8243;][\/vc_column][\/vc_row][vc_row css=&#8221;.vc_custom_1729846143307{margin-top: 20px !important;margin-bottom: 20px !important;padding-right: 50px !important;padding-left: 50px !important;}&#8221;][vc_column width=&#8221;1\/4&#8243;][vc_column_text css=&#8221;.vc_custom_1729856682856{padding-right: 20px !important;padding-left: 20px !important;}&#8221;]<\/p>\n<p style=\"text-align: right;\"><a href=\"https:\/\/casa.fmleao.pt\/en\/projects\/\">return to PROJECTS<\/a><\/p>\n<p>[\/vc_column_text][\/vc_column][vc_column width=&#8221;3\/4&#8243;][\/vc_column][\/vc_row]<\/p>\n<\/div>","protected":false},"excerpt":{"rendered":"<p>[vc_row css=&#8221;.vc_custom_1717421762339{padding-top: -20px !important;padding-bottom: -20px !important;background-color: #25a2a8 !important;}&#8221;][vc_column width=&#8221;1\/4&#8243; css=&#8221;.vc_custom_1732534180227{margin-top: -20px !important;margin-bottom: -20px !important;border-bottom-width: -20px !important;padding-top: -20px !important;padding-bottom: -20px !important;}&#8221; offset=&#8221;vc_hidden-sm vc_hidden-xs&#8221;][vc_single_image image=&#8221;1556&#8243; img_size=&#8221;80&#215;80&#8243; alignment=&#8221;center&#8221; onclick=&#8221;custom_link&#8221; css=&#8221;.vc_custom_1720690582570{margin-left: 140px !important;border-top-width: -20px !important;border-bottom-width: -20px !important;padding-top: -40px !important;padding-bottom: -40px !important;}&#8221; link=&#8221;https:\/\/casa.fmleao.pt\/en\/&#8221;][\/vc_column][vc_column width=&#8221;3\/4&#8243; offset=&#8221;vc_hidden-sm vc_hidden-xs&#8221;][\/vc_column][\/vc_row][vc_row css=&#8221;.vc_custom_1728991172470{padding-top: -20px !important;padding-bottom: -20px !important;background-color: #25a2a8 !important;}&#8221;][vc_column width=&#8221;1\/4&#8243; css=&#8221;.vc_custom_1732021408854{margin-top: -20px !important;border-bottom-width: -20px !important;padding-top: -20px [&hellip;]<\/p>\n","protected":false},"author":1,"featured_media":0,"parent":11095,"menu_order":0,"comment_status":"closed","ping_status":"closed","template":"page-templates\/pagebuilder.php","meta":{"cybocfi_hide_featured_image":"","footnotes":""},"class_list":["post-10894","page","type-page","status-publish","hentry"],"yoast_head":"<!-- This site is optimized with the Yoast SEO plugin v27.4 - https:\/\/yoast.com\/product\/yoast-seo-wordpress\/ -->\n<title>Projeto - FAMEP - Casa da Imagem<\/title>\n<meta name=\"robots\" content=\"noindex, follow, max-snippet:-1, max-image-preview:large, max-video-preview:-1\" \/>\n<meta property=\"og:locale\" content=\"en_US\" \/>\n<meta property=\"og:type\" content=\"article\" \/>\n<meta property=\"og:title\" content=\"Projeto - FAMEP - Casa da Imagem\" \/>\n<meta property=\"og:description\" content=\"[vc_row css=&#8221;.vc_custom_1717421762339{padding-top: -20px !important;padding-bottom: -20px !important;background-color: #25a2a8 !important;}&#8221;][vc_column width=&#8221;1\/4&#8243; css=&#8221;.vc_custom_1732534180227{margin-top: -20px !important;margin-bottom: -20px !important;border-bottom-width: -20px !important;padding-top: -20px !important;padding-bottom: -20px !important;}&#8221; offset=&#8221;vc_hidden-sm vc_hidden-xs&#8221;][vc_single_image image=&#8221;1556&#8243; img_size=&#8221;80&#215;80&#8243; alignment=&#8221;center&#8221; onclick=&#8221;custom_link&#8221; css=&#8221;.vc_custom_1720690582570{margin-left: 140px !important;border-top-width: -20px !important;border-bottom-width: -20px !important;padding-top: -40px !important;padding-bottom: -40px !important;}&#8221; link=&#8221;https:\/\/casa.fmleao.pt\/en\/&#8221;][\/vc_column][vc_column width=&#8221;3\/4&#8243; offset=&#8221;vc_hidden-sm vc_hidden-xs&#8221;][\/vc_column][\/vc_row][vc_row css=&#8221;.vc_custom_1728991172470{padding-top: -20px !important;padding-bottom: -20px !important;background-color: #25a2a8 !important;}&#8221;][vc_column width=&#8221;1\/4&#8243; css=&#8221;.vc_custom_1732021408854{margin-top: -20px !important;border-bottom-width: -20px !important;padding-top: -20px [&hellip;]\" \/>\n<meta property=\"og:url\" content=\"https:\/\/casa.fmleao.pt\/en\/projects\/project-famep\/\" \/>\n<meta property=\"og:site_name\" content=\"Casa da Imagem\" \/>\n<meta property=\"article:modified_time\" content=\"2025-02-11T12:47:52+00:00\" \/>\n<meta name=\"twitter:card\" content=\"summary_large_image\" \/>\n<meta name=\"twitter:label1\" content=\"Est. reading time\" \/>\n\t<meta name=\"twitter:data1\" content=\"4 minutes\" \/>\n<script type=\"application\/ld+json\" class=\"yoast-schema-graph\">{\"@context\":\"https:\\\/\\\/schema.org\",\"@graph\":[{\"@type\":\"WebPage\",\"@id\":\"https:\\\/\\\/casa.fmleao.pt\\\/en\\\/projects\\\/project-famep\\\/\",\"url\":\"https:\\\/\\\/casa.fmleao.pt\\\/en\\\/projects\\\/project-famep\\\/\",\"name\":\"Projeto - FAMEP - Casa da Imagem\",\"isPartOf\":{\"@id\":\"https:\\\/\\\/casa.fmleao.pt\\\/en\\\/#website\"},\"datePublished\":\"2024-10-14T11:07:57+00:00\",\"dateModified\":\"2025-02-11T12:47:52+00:00\",\"breadcrumb\":{\"@id\":\"https:\\\/\\\/casa.fmleao.pt\\\/en\\\/projects\\\/project-famep\\\/#breadcrumb\"},\"inLanguage\":\"en-US\",\"potentialAction\":[{\"@type\":\"ReadAction\",\"target\":[\"https:\\\/\\\/casa.fmleao.pt\\\/en\\\/projects\\\/project-famep\\\/\"]}]},{\"@type\":\"BreadcrumbList\",\"@id\":\"https:\\\/\\\/casa.fmleao.pt\\\/en\\\/projects\\\/project-famep\\\/#breadcrumb\",\"itemListElement\":[{\"@type\":\"ListItem\",\"position\":1,\"name\":\"In\u00edcio\",\"item\":\"https:\\\/\\\/casa.fmleao.pt\\\/en\\\/\"},{\"@type\":\"ListItem\",\"position\":2,\"name\":\"Projects\",\"item\":\"https:\\\/\\\/casa.fmleao.pt\\\/en\\\/projects\\\/\"},{\"@type\":\"ListItem\",\"position\":3,\"name\":\"Projeto &#8211; FAMEP\"}]},{\"@type\":\"WebSite\",\"@id\":\"https:\\\/\\\/casa.fmleao.pt\\\/en\\\/#website\",\"url\":\"https:\\\/\\\/casa.fmleao.pt\\\/en\\\/\",\"name\":\"Casa da Imagem\",\"description\":\"\",\"publisher\":{\"@id\":\"https:\\\/\\\/casa.fmleao.pt\\\/en\\\/#organization\"},\"potentialAction\":[{\"@type\":\"SearchAction\",\"target\":{\"@type\":\"EntryPoint\",\"urlTemplate\":\"https:\\\/\\\/casa.fmleao.pt\\\/en\\\/?s={search_term_string}\"},\"query-input\":{\"@type\":\"PropertyValueSpecification\",\"valueRequired\":true,\"valueName\":\"search_term_string\"}}],\"inLanguage\":\"en-US\"},{\"@type\":\"Organization\",\"@id\":\"https:\\\/\\\/casa.fmleao.pt\\\/en\\\/#organization\",\"name\":\"Casa da Imagem\",\"url\":\"https:\\\/\\\/casa.fmleao.pt\\\/en\\\/\",\"logo\":{\"@type\":\"ImageObject\",\"inLanguage\":\"en-US\",\"@id\":\"https:\\\/\\\/casa.fmleao.pt\\\/en\\\/#\\\/schema\\\/logo\\\/image\\\/\",\"url\":\"https:\\\/\\\/casa.fmleao.pt\\\/wp-content\\\/uploads\\\/2024\\\/05\\\/Unknown-e1715614640487.png\",\"contentUrl\":\"https:\\\/\\\/casa.fmleao.pt\\\/wp-content\\\/uploads\\\/2024\\\/05\\\/Unknown-e1715614640487.png\",\"width\":199,\"height\":81,\"caption\":\"Casa da Imagem\"},\"image\":{\"@id\":\"https:\\\/\\\/casa.fmleao.pt\\\/en\\\/#\\\/schema\\\/logo\\\/image\\\/\"},\"sameAs\":[\"https:\\\/\\\/www.instagram.com\\\/casadaimagem\\\/\"]}]}<\/script>\n<!-- \/ Yoast SEO plugin. -->","yoast_head_json":{"title":"Projeto - FAMEP - Casa da Imagem","robots":{"index":"noindex","follow":"follow","max-snippet":"max-snippet:-1","max-image-preview":"max-image-preview:large","max-video-preview":"max-video-preview:-1"},"og_locale":"en_US","og_type":"article","og_title":"Projeto - FAMEP - Casa da Imagem","og_description":"[vc_row css=&#8221;.vc_custom_1717421762339{padding-top: -20px !important;padding-bottom: -20px !important;background-color: #25a2a8 !important;}&#8221;][vc_column width=&#8221;1\/4&#8243; css=&#8221;.vc_custom_1732534180227{margin-top: -20px !important;margin-bottom: -20px !important;border-bottom-width: -20px !important;padding-top: -20px !important;padding-bottom: -20px !important;}&#8221; offset=&#8221;vc_hidden-sm vc_hidden-xs&#8221;][vc_single_image image=&#8221;1556&#8243; img_size=&#8221;80&#215;80&#8243; alignment=&#8221;center&#8221; onclick=&#8221;custom_link&#8221; css=&#8221;.vc_custom_1720690582570{margin-left: 140px !important;border-top-width: -20px !important;border-bottom-width: -20px !important;padding-top: -40px !important;padding-bottom: -40px !important;}&#8221; link=&#8221;https:\/\/casa.fmleao.pt\/en\/&#8221;][\/vc_column][vc_column width=&#8221;3\/4&#8243; offset=&#8221;vc_hidden-sm vc_hidden-xs&#8221;][\/vc_column][\/vc_row][vc_row css=&#8221;.vc_custom_1728991172470{padding-top: -20px !important;padding-bottom: -20px !important;background-color: #25a2a8 !important;}&#8221;][vc_column width=&#8221;1\/4&#8243; css=&#8221;.vc_custom_1732021408854{margin-top: -20px !important;border-bottom-width: -20px !important;padding-top: -20px [&hellip;]","og_url":"https:\/\/casa.fmleao.pt\/en\/projects\/project-famep\/","og_site_name":"Casa da Imagem","article_modified_time":"2025-02-11T12:47:52+00:00","twitter_card":"summary_large_image","twitter_misc":{"Est. reading time":"4 minutes"},"schema":{"@context":"https:\/\/schema.org","@graph":[{"@type":"WebPage","@id":"https:\/\/casa.fmleao.pt\/en\/projects\/project-famep\/","url":"https:\/\/casa.fmleao.pt\/en\/projects\/project-famep\/","name":"Projeto - FAMEP - Casa da Imagem","isPartOf":{"@id":"https:\/\/casa.fmleao.pt\/en\/#website"},"datePublished":"2024-10-14T11:07:57+00:00","dateModified":"2025-02-11T12:47:52+00:00","breadcrumb":{"@id":"https:\/\/casa.fmleao.pt\/en\/projects\/project-famep\/#breadcrumb"},"inLanguage":"en-US","potentialAction":[{"@type":"ReadAction","target":["https:\/\/casa.fmleao.pt\/en\/projects\/project-famep\/"]}]},{"@type":"BreadcrumbList","@id":"https:\/\/casa.fmleao.pt\/en\/projects\/project-famep\/#breadcrumb","itemListElement":[{"@type":"ListItem","position":1,"name":"In\u00edcio","item":"https:\/\/casa.fmleao.pt\/en\/"},{"@type":"ListItem","position":2,"name":"Projects","item":"https:\/\/casa.fmleao.pt\/en\/projects\/"},{"@type":"ListItem","position":3,"name":"Projeto &#8211; FAMEP"}]},{"@type":"WebSite","@id":"https:\/\/casa.fmleao.pt\/en\/#website","url":"https:\/\/casa.fmleao.pt\/en\/","name":"Casa da Imagem","description":"","publisher":{"@id":"https:\/\/casa.fmleao.pt\/en\/#organization"},"potentialAction":[{"@type":"SearchAction","target":{"@type":"EntryPoint","urlTemplate":"https:\/\/casa.fmleao.pt\/en\/?s={search_term_string}"},"query-input":{"@type":"PropertyValueSpecification","valueRequired":true,"valueName":"search_term_string"}}],"inLanguage":"en-US"},{"@type":"Organization","@id":"https:\/\/casa.fmleao.pt\/en\/#organization","name":"Casa da Imagem","url":"https:\/\/casa.fmleao.pt\/en\/","logo":{"@type":"ImageObject","inLanguage":"en-US","@id":"https:\/\/casa.fmleao.pt\/en\/#\/schema\/logo\/image\/","url":"https:\/\/casa.fmleao.pt\/wp-content\/uploads\/2024\/05\/Unknown-e1715614640487.png","contentUrl":"https:\/\/casa.fmleao.pt\/wp-content\/uploads\/2024\/05\/Unknown-e1715614640487.png","width":199,"height":81,"caption":"Casa da Imagem"},"image":{"@id":"https:\/\/casa.fmleao.pt\/en\/#\/schema\/logo\/image\/"},"sameAs":["https:\/\/www.instagram.com\/casadaimagem\/"]}]}},"_links":{"self":[{"href":"https:\/\/casa.fmleao.pt\/en\/wp-json\/wp\/v2\/pages\/10894","targetHints":{"allow":["GET"]}}],"collection":[{"href":"https:\/\/casa.fmleao.pt\/en\/wp-json\/wp\/v2\/pages"}],"about":[{"href":"https:\/\/casa.fmleao.pt\/en\/wp-json\/wp\/v2\/types\/page"}],"author":[{"embeddable":true,"href":"https:\/\/casa.fmleao.pt\/en\/wp-json\/wp\/v2\/users\/1"}],"replies":[{"embeddable":true,"href":"https:\/\/casa.fmleao.pt\/en\/wp-json\/wp\/v2\/comments?post=10894"}],"version-history":[{"count":14,"href":"https:\/\/casa.fmleao.pt\/en\/wp-json\/wp\/v2\/pages\/10894\/revisions"}],"predecessor-version":[{"id":12069,"href":"https:\/\/casa.fmleao.pt\/en\/wp-json\/wp\/v2\/pages\/10894\/revisions\/12069"}],"up":[{"embeddable":true,"href":"https:\/\/casa.fmleao.pt\/en\/wp-json\/wp\/v2\/pages\/11095"}],"wp:attachment":[{"href":"https:\/\/casa.fmleao.pt\/en\/wp-json\/wp\/v2\/media?parent=10894"}],"curies":[{"name":"wp","href":"https:\/\/api.w.org\/{rel}","templated":true}]}}