{"id":10891,"date":"2024-10-14T11:39:57","date_gmt":"2024-10-14T11:39:57","guid":{"rendered":"https:\/\/casa.fmleao.pt\/project-bridging\/"},"modified":"2025-01-30T18:03:56","modified_gmt":"2025-01-30T18:03:56","slug":"project-bridging","status":"publish","type":"page","link":"https:\/\/casa.fmleao.pt\/en\/projects\/project-bridging\/","title":{"rendered":"Project &#8211; Bridging"},"content":{"rendered":"<div class=\"wpb-content-wrapper\"><p>[vc_row css=&#8221;.vc_custom_1717421762339{padding-top: -20px !important;padding-bottom: -20px !important;background-color: #25a2a8 !important;}&#8221;][vc_column width=&#8221;1\/4&#8243; css=&#8221;.vc_custom_1732534070754{margin-top: -20px !important;margin-bottom: -20px !important;border-bottom-width: -20px !important;padding-top: -20px !important;padding-bottom: -20px !important;}&#8221; offset=&#8221;vc_hidden-sm vc_hidden-xs&#8221;][vc_single_image image=&#8221;1556&#8243; img_size=&#8221;80&#215;80&#8243; alignment=&#8221;center&#8221; onclick=&#8221;custom_link&#8221; css=&#8221;.vc_custom_1720690582570{margin-left: 140px !important;border-top-width: -20px !important;border-bottom-width: -20px !important;padding-top: -40px !important;padding-bottom: -40px !important;}&#8221; link=&#8221;https:\/\/casa.fmleao.pt\/en\/&#8221;][\/vc_column][vc_column width=&#8221;3\/4&#8243; offset=&#8221;vc_hidden-sm vc_hidden-xs&#8221;][\/vc_column][\/vc_row][vc_row css=&#8221;.vc_custom_1728991172470{padding-top: -20px !important;padding-bottom: -20px !important;background-color: #25a2a8 !important;}&#8221;][vc_column width=&#8221;1\/4&#8243; css=&#8221;.vc_custom_1732021408854{margin-top: -20px !important;border-bottom-width: -20px !important;padding-top: -20px !important;padding-bottom: -20px !important;}&#8221; offset=&#8221;vc_hidden-lg vc_hidden-md&#8221;][vc_single_image image=&#8221;8218&#8243; img_size=&#8221;&#8221; onclick=&#8221;custom_link&#8221; css=&#8221;.vc_custom_1732021457789{margin-bottom: -25px !important;margin-left: 40px !important;border-top-width: -20px !important;padding-top: -40px !important;padding-bottom: -40px !important;}&#8221; link=&#8221;https:\/\/casa.fmleao.pt\/en\/&#8221;][\/vc_column][vc_column width=&#8221;3\/4&#8243; offset=&#8221;vc_hidden-lg vc_hidden-md&#8221;][\/vc_column][\/vc_row][vc_row css=&#8221;.vc_custom_1722333229971{padding-right: 50px !important;padding-left: 50px !important;}&#8221;][vc_column width=&#8221;1\/4&#8243; css=&#8221;.vc_custom_1738147818304{margin-top: -20px !important;margin-bottom: -30px !important;border-bottom-width: -30px !important;padding-top: -20px !important;padding-bottom: -30px !important;}&#8221;][vc_single_image image=&#8221;7869&#8243; img_size=&#8221;&#8221; alignment=&#8221;right&#8221; css=&#8221;.vc_custom_1738147697393{margin-bottom: 0px !important;padding-right: 20px !important;}&#8221;][vc_single_image image=&#8221;9677&#8243; alignment=&#8221;right&#8221; css=&#8221;.vc_custom_1738147677210{margin-bottom: 15px !important;padding-top: 20px !important;padding-right: 20px !important;}&#8221;][vc_column_text css=&#8221;.vc_custom_1738147670497{padding-right: 20px !important;}&#8221;]<\/p>\n<h6 style=\"text-align: right;\">2019-2021<\/h6>\n<p>[\/vc_column_text][\/vc_column][vc_column width=&#8221;3\/4&#8243;][vc_column_text css=&#8221;.vc_custom_1731400373675{margin-bottom: 0px !important;}&#8221;]BRIDGING: BUILDING EDUCATIONAL BRIDGES IN THE CITY, an ERASMUS+ project, has created partnerships and continuous exchanges of knowledge between different organisations in city life: schools, cultural institutions and universities, in four countries. Europe is a huge mosaic of diversities, cultural backgrounds, levels of prosperity, knowledge and experience. European cities are very different from each other, in terms of economic activities, housing, or even the characteristics of the population. Educators therefore feel the need to have access to new ways of understanding educational action, which inspire and stimulate them to develop new pedagogical processes in a context of sharing and collaboration. In Bridging, art is used as a cross-cultural mediator to enable children to discover their city and establish relationships with others, despite cultural and linguistic differences.<\/p>\n<p>Entidades parceiras: Alvar Aalto Museum, Casa da Imagem &#8211; Funda\u00e7\u00e3o Manuel Le\u00e3o, Portugal, Cultureghem, Elmer Pedagogie, Erasmushogeschool Brussel, Faculdade de Psicologia e Ci\u00eancias da Educa\u00e7\u00e3o da Universidade do Porto, Fundacja m\u0142odej kultury hopsiup project, OSMOPE, Uniwersytetem Warszawskim i Przedszkolem. An ERASMUS+ funded project[\/vc_column_text][vc_single_image image=&#8221;11605&#8243; img_size=&#8221;full&#8221; css=&#8221;.vc_custom_1738162102203{margin-bottom: 0px !important;padding-top: 10px !important;}&#8221;][\/vc_column][\/vc_row][vc_row css=&#8221;.vc_custom_1729846187905{margin-top: 50px !important;margin-bottom: 20px !important;padding-right: 50px !important;padding-left: 50px !important;}&#8221;][vc_column width=&#8221;1\/4&#8243;][vc_column_text css=&#8221;.vc_custom_1731001048748{padding-right: 20px !important;padding-left: 20px !important;}&#8221;]<\/p>\n<h3 style=\"text-align: right;\">WHAT HAPPENED<\/h3>\n<p>[\/vc_column_text][\/vc_column][vc_column width=&#8221;3\/4&#8243;][vc_masonry_grid post_type=&#8221;post&#8221; max_items=&#8221;10&#8243; css=&#8221;&#8221; grid_id=&#8221;vc_gid:1738162092886-14a2bf8e-6797-5&#8243; taxonomies=&#8221;49&#8243;][\/vc_column][\/vc_row][vc_row css=&#8221;.vc_custom_1729846187905{margin-top: 50px !important;margin-bottom: 20px !important;padding-right: 50px !important;padding-left: 50px !important;}&#8221;][vc_column width=&#8221;1\/4&#8243;][vc_column_text css=&#8221;.vc_custom_1729856523124{padding-right: 20px !important;padding-left: 20px !important;}&#8221;]<\/p>\n<p style=\"text-align: right;\"><a href=\"https:\/\/casa.fmleao.pt\/en\/projects\/\">return to PROJECTS<\/a><\/p>\n<p>[\/vc_column_text][\/vc_column][vc_column width=&#8221;3\/4&#8243;][\/vc_column][\/vc_row][vc_row][vc_column][vc_empty_space height=&#8221;82px&#8221;][\/vc_column][\/vc_row]<\/p>\n<\/div>","protected":false},"excerpt":{"rendered":"<p>[vc_row css=&#8221;.vc_custom_1717421762339{padding-top: -20px !important;padding-bottom: -20px !important;background-color: #25a2a8 !important;}&#8221;][vc_column width=&#8221;1\/4&#8243; css=&#8221;.vc_custom_1732534070754{margin-top: -20px !important;margin-bottom: -20px !important;border-bottom-width: -20px !important;padding-top: -20px !important;padding-bottom: -20px !important;}&#8221; offset=&#8221;vc_hidden-sm vc_hidden-xs&#8221;][vc_single_image image=&#8221;1556&#8243; img_size=&#8221;80&#215;80&#8243; alignment=&#8221;center&#8221; onclick=&#8221;custom_link&#8221; css=&#8221;.vc_custom_1720690582570{margin-left: 140px !important;border-top-width: -20px !important;border-bottom-width: -20px !important;padding-top: -40px !important;padding-bottom: -40px !important;}&#8221; link=&#8221;https:\/\/casa.fmleao.pt\/en\/&#8221;][\/vc_column][vc_column width=&#8221;3\/4&#8243; offset=&#8221;vc_hidden-sm vc_hidden-xs&#8221;][\/vc_column][\/vc_row][vc_row css=&#8221;.vc_custom_1728991172470{padding-top: -20px !important;padding-bottom: -20px !important;background-color: #25a2a8 !important;}&#8221;][vc_column width=&#8221;1\/4&#8243; css=&#8221;.vc_custom_1732021408854{margin-top: -20px !important;border-bottom-width: -20px !important;padding-top: -20px [&hellip;]<\/p>\n","protected":false},"author":1,"featured_media":0,"parent":11095,"menu_order":0,"comment_status":"closed","ping_status":"closed","template":"page-templates\/pagebuilder.php","meta":{"cybocfi_hide_featured_image":"","footnotes":""},"class_list":["post-10891","page","type-page","status-publish","hentry"],"yoast_head":"<!-- This site is optimized with the Yoast SEO plugin v27.4 - https:\/\/yoast.com\/product\/yoast-seo-wordpress\/ -->\n<title>Project - Bridging - Casa da Imagem<\/title>\n<meta name=\"robots\" content=\"noindex, follow, max-snippet:-1, max-image-preview:large, max-video-preview:-1\" \/>\n<meta property=\"og:locale\" content=\"en_US\" \/>\n<meta property=\"og:type\" content=\"article\" \/>\n<meta property=\"og:title\" content=\"Project - Bridging - Casa da Imagem\" \/>\n<meta property=\"og:description\" content=\"[vc_row css=&#8221;.vc_custom_1717421762339{padding-top: -20px !important;padding-bottom: -20px !important;background-color: #25a2a8 !important;}&#8221;][vc_column width=&#8221;1\/4&#8243; css=&#8221;.vc_custom_1732534070754{margin-top: -20px !important;margin-bottom: -20px !important;border-bottom-width: -20px !important;padding-top: -20px !important;padding-bottom: -20px !important;}&#8221; offset=&#8221;vc_hidden-sm vc_hidden-xs&#8221;][vc_single_image image=&#8221;1556&#8243; img_size=&#8221;80&#215;80&#8243; alignment=&#8221;center&#8221; onclick=&#8221;custom_link&#8221; css=&#8221;.vc_custom_1720690582570{margin-left: 140px !important;border-top-width: -20px !important;border-bottom-width: -20px !important;padding-top: -40px !important;padding-bottom: -40px !important;}&#8221; link=&#8221;https:\/\/casa.fmleao.pt\/en\/&#8221;][\/vc_column][vc_column width=&#8221;3\/4&#8243; offset=&#8221;vc_hidden-sm vc_hidden-xs&#8221;][\/vc_column][\/vc_row][vc_row css=&#8221;.vc_custom_1728991172470{padding-top: -20px !important;padding-bottom: -20px !important;background-color: #25a2a8 !important;}&#8221;][vc_column width=&#8221;1\/4&#8243; css=&#8221;.vc_custom_1732021408854{margin-top: -20px !important;border-bottom-width: -20px !important;padding-top: -20px [&hellip;]\" \/>\n<meta property=\"og:url\" content=\"https:\/\/casa.fmleao.pt\/en\/projects\/project-bridging\/\" \/>\n<meta property=\"og:site_name\" content=\"Casa da Imagem\" \/>\n<meta property=\"article:modified_time\" content=\"2025-01-30T18:03:56+00:00\" \/>\n<meta name=\"twitter:card\" content=\"summary_large_image\" \/>\n<meta name=\"twitter:label1\" content=\"Est. reading time\" \/>\n\t<meta name=\"twitter:data1\" content=\"3 minutes\" \/>\n<script type=\"application\/ld+json\" class=\"yoast-schema-graph\">{\"@context\":\"https:\\\/\\\/schema.org\",\"@graph\":[{\"@type\":\"WebPage\",\"@id\":\"https:\\\/\\\/casa.fmleao.pt\\\/en\\\/projects\\\/project-bridging\\\/\",\"url\":\"https:\\\/\\\/casa.fmleao.pt\\\/en\\\/projects\\\/project-bridging\\\/\",\"name\":\"Project - Bridging - Casa da Imagem\",\"isPartOf\":{\"@id\":\"https:\\\/\\\/casa.fmleao.pt\\\/en\\\/#website\"},\"datePublished\":\"2024-10-14T11:39:57+00:00\",\"dateModified\":\"2025-01-30T18:03:56+00:00\",\"breadcrumb\":{\"@id\":\"https:\\\/\\\/casa.fmleao.pt\\\/en\\\/projects\\\/project-bridging\\\/#breadcrumb\"},\"inLanguage\":\"en-US\",\"potentialAction\":[{\"@type\":\"ReadAction\",\"target\":[\"https:\\\/\\\/casa.fmleao.pt\\\/en\\\/projects\\\/project-bridging\\\/\"]}]},{\"@type\":\"BreadcrumbList\",\"@id\":\"https:\\\/\\\/casa.fmleao.pt\\\/en\\\/projects\\\/project-bridging\\\/#breadcrumb\",\"itemListElement\":[{\"@type\":\"ListItem\",\"position\":1,\"name\":\"In\u00edcio\",\"item\":\"https:\\\/\\\/casa.fmleao.pt\\\/en\\\/\"},{\"@type\":\"ListItem\",\"position\":2,\"name\":\"Projects\",\"item\":\"https:\\\/\\\/casa.fmleao.pt\\\/en\\\/projects\\\/\"},{\"@type\":\"ListItem\",\"position\":3,\"name\":\"Project &#8211; Bridging\"}]},{\"@type\":\"WebSite\",\"@id\":\"https:\\\/\\\/casa.fmleao.pt\\\/en\\\/#website\",\"url\":\"https:\\\/\\\/casa.fmleao.pt\\\/en\\\/\",\"name\":\"Casa da Imagem\",\"description\":\"\",\"publisher\":{\"@id\":\"https:\\\/\\\/casa.fmleao.pt\\\/en\\\/#organization\"},\"potentialAction\":[{\"@type\":\"SearchAction\",\"target\":{\"@type\":\"EntryPoint\",\"urlTemplate\":\"https:\\\/\\\/casa.fmleao.pt\\\/en\\\/?s={search_term_string}\"},\"query-input\":{\"@type\":\"PropertyValueSpecification\",\"valueRequired\":true,\"valueName\":\"search_term_string\"}}],\"inLanguage\":\"en-US\"},{\"@type\":\"Organization\",\"@id\":\"https:\\\/\\\/casa.fmleao.pt\\\/en\\\/#organization\",\"name\":\"Casa da Imagem\",\"url\":\"https:\\\/\\\/casa.fmleao.pt\\\/en\\\/\",\"logo\":{\"@type\":\"ImageObject\",\"inLanguage\":\"en-US\",\"@id\":\"https:\\\/\\\/casa.fmleao.pt\\\/en\\\/#\\\/schema\\\/logo\\\/image\\\/\",\"url\":\"https:\\\/\\\/casa.fmleao.pt\\\/wp-content\\\/uploads\\\/2024\\\/05\\\/Unknown-e1715614640487.png\",\"contentUrl\":\"https:\\\/\\\/casa.fmleao.pt\\\/wp-content\\\/uploads\\\/2024\\\/05\\\/Unknown-e1715614640487.png\",\"width\":199,\"height\":81,\"caption\":\"Casa da Imagem\"},\"image\":{\"@id\":\"https:\\\/\\\/casa.fmleao.pt\\\/en\\\/#\\\/schema\\\/logo\\\/image\\\/\"},\"sameAs\":[\"https:\\\/\\\/www.instagram.com\\\/casadaimagem\\\/\"]}]}<\/script>\n<!-- \/ Yoast SEO plugin. -->","yoast_head_json":{"title":"Project - Bridging - Casa da Imagem","robots":{"index":"noindex","follow":"follow","max-snippet":"max-snippet:-1","max-image-preview":"max-image-preview:large","max-video-preview":"max-video-preview:-1"},"og_locale":"en_US","og_type":"article","og_title":"Project - Bridging - Casa da Imagem","og_description":"[vc_row css=&#8221;.vc_custom_1717421762339{padding-top: -20px !important;padding-bottom: -20px !important;background-color: #25a2a8 !important;}&#8221;][vc_column width=&#8221;1\/4&#8243; css=&#8221;.vc_custom_1732534070754{margin-top: -20px !important;margin-bottom: -20px !important;border-bottom-width: -20px !important;padding-top: -20px !important;padding-bottom: -20px !important;}&#8221; offset=&#8221;vc_hidden-sm vc_hidden-xs&#8221;][vc_single_image image=&#8221;1556&#8243; img_size=&#8221;80&#215;80&#8243; alignment=&#8221;center&#8221; onclick=&#8221;custom_link&#8221; css=&#8221;.vc_custom_1720690582570{margin-left: 140px !important;border-top-width: -20px !important;border-bottom-width: -20px !important;padding-top: -40px !important;padding-bottom: -40px !important;}&#8221; link=&#8221;https:\/\/casa.fmleao.pt\/en\/&#8221;][\/vc_column][vc_column width=&#8221;3\/4&#8243; offset=&#8221;vc_hidden-sm vc_hidden-xs&#8221;][\/vc_column][\/vc_row][vc_row css=&#8221;.vc_custom_1728991172470{padding-top: -20px !important;padding-bottom: -20px !important;background-color: #25a2a8 !important;}&#8221;][vc_column width=&#8221;1\/4&#8243; css=&#8221;.vc_custom_1732021408854{margin-top: -20px !important;border-bottom-width: -20px !important;padding-top: -20px [&hellip;]","og_url":"https:\/\/casa.fmleao.pt\/en\/projects\/project-bridging\/","og_site_name":"Casa da Imagem","article_modified_time":"2025-01-30T18:03:56+00:00","twitter_card":"summary_large_image","twitter_misc":{"Est. reading time":"3 minutes"},"schema":{"@context":"https:\/\/schema.org","@graph":[{"@type":"WebPage","@id":"https:\/\/casa.fmleao.pt\/en\/projects\/project-bridging\/","url":"https:\/\/casa.fmleao.pt\/en\/projects\/project-bridging\/","name":"Project - Bridging - Casa da Imagem","isPartOf":{"@id":"https:\/\/casa.fmleao.pt\/en\/#website"},"datePublished":"2024-10-14T11:39:57+00:00","dateModified":"2025-01-30T18:03:56+00:00","breadcrumb":{"@id":"https:\/\/casa.fmleao.pt\/en\/projects\/project-bridging\/#breadcrumb"},"inLanguage":"en-US","potentialAction":[{"@type":"ReadAction","target":["https:\/\/casa.fmleao.pt\/en\/projects\/project-bridging\/"]}]},{"@type":"BreadcrumbList","@id":"https:\/\/casa.fmleao.pt\/en\/projects\/project-bridging\/#breadcrumb","itemListElement":[{"@type":"ListItem","position":1,"name":"In\u00edcio","item":"https:\/\/casa.fmleao.pt\/en\/"},{"@type":"ListItem","position":2,"name":"Projects","item":"https:\/\/casa.fmleao.pt\/en\/projects\/"},{"@type":"ListItem","position":3,"name":"Project &#8211; Bridging"}]},{"@type":"WebSite","@id":"https:\/\/casa.fmleao.pt\/en\/#website","url":"https:\/\/casa.fmleao.pt\/en\/","name":"Casa da Imagem","description":"","publisher":{"@id":"https:\/\/casa.fmleao.pt\/en\/#organization"},"potentialAction":[{"@type":"SearchAction","target":{"@type":"EntryPoint","urlTemplate":"https:\/\/casa.fmleao.pt\/en\/?s={search_term_string}"},"query-input":{"@type":"PropertyValueSpecification","valueRequired":true,"valueName":"search_term_string"}}],"inLanguage":"en-US"},{"@type":"Organization","@id":"https:\/\/casa.fmleao.pt\/en\/#organization","name":"Casa da Imagem","url":"https:\/\/casa.fmleao.pt\/en\/","logo":{"@type":"ImageObject","inLanguage":"en-US","@id":"https:\/\/casa.fmleao.pt\/en\/#\/schema\/logo\/image\/","url":"https:\/\/casa.fmleao.pt\/wp-content\/uploads\/2024\/05\/Unknown-e1715614640487.png","contentUrl":"https:\/\/casa.fmleao.pt\/wp-content\/uploads\/2024\/05\/Unknown-e1715614640487.png","width":199,"height":81,"caption":"Casa da Imagem"},"image":{"@id":"https:\/\/casa.fmleao.pt\/en\/#\/schema\/logo\/image\/"},"sameAs":["https:\/\/www.instagram.com\/casadaimagem\/"]}]}},"_links":{"self":[{"href":"https:\/\/casa.fmleao.pt\/en\/wp-json\/wp\/v2\/pages\/10891","targetHints":{"allow":["GET"]}}],"collection":[{"href":"https:\/\/casa.fmleao.pt\/en\/wp-json\/wp\/v2\/pages"}],"about":[{"href":"https:\/\/casa.fmleao.pt\/en\/wp-json\/wp\/v2\/types\/page"}],"author":[{"embeddable":true,"href":"https:\/\/casa.fmleao.pt\/en\/wp-json\/wp\/v2\/users\/1"}],"replies":[{"embeddable":true,"href":"https:\/\/casa.fmleao.pt\/en\/wp-json\/wp\/v2\/comments?post=10891"}],"version-history":[{"count":9,"href":"https:\/\/casa.fmleao.pt\/en\/wp-json\/wp\/v2\/pages\/10891\/revisions"}],"predecessor-version":[{"id":11818,"href":"https:\/\/casa.fmleao.pt\/en\/wp-json\/wp\/v2\/pages\/10891\/revisions\/11818"}],"up":[{"embeddable":true,"href":"https:\/\/casa.fmleao.pt\/en\/wp-json\/wp\/v2\/pages\/11095"}],"wp:attachment":[{"href":"https:\/\/casa.fmleao.pt\/en\/wp-json\/wp\/v2\/media?parent=10891"}],"curies":[{"name":"wp","href":"https:\/\/api.w.org\/{rel}","templated":true}]}}